{"id":859,"date":"2021-04-02T17:00:43","date_gmt":"2021-04-02T17:00:43","guid":{"rendered":"https:\/\/dammkultur.ch\/dk_wp\/?page_id=859"},"modified":"2022-10-03T10:38:27","modified_gmt":"2022-10-03T10:38:27","slug":"getreide-hacken","status":"publish","type":"page","link":"https:\/\/dammkultur.ch\/dk_wp\/?page_id=859","title":{"rendered":"Getreide hacken"},"content":{"rendered":"<div id=\"pl-859\"  class=\"panel-layout\" ><div id=\"pg-859-0\"  class=\"panel-grid panel-no-style\" ><div id=\"pgc-859-0-0\"  class=\"panel-grid-cell\" ><div id=\"panel-859-0-0-0\" class=\"so-panel widget_text panel-first-child\" data-index=\"0\" >\t\t\t<div class=\"textwidget\"><p>Hier sehen sie den Dammpflug NG350 nonstop beim Getreide hacken.<\/p>\n<p>Der Dammpflug wurde mit den Hackk\u00f6rpern ausger\u00fcstet, der zweite und vierte Schar sind nach hinten versetzt und beugen somit einem Verstopfen vor. Der Reihenabstand betr\u00e4gt 60cm. Zus\u00e4tzlich ist noch eine Schleppkette montiert um das Getreide von m\u00f6glichen Erdklumpen zu reinigen.<\/p>\n<\/div>\n\t\t<\/div><div id=\"panel-859-0-0-1\" class=\"so-panel widget_media_video\" data-index=\"1\" ><div style=\"width:100%;\" class=\"wp-video\"><!--[if lt IE 9]><script>document.createElement('video');<\/script><![endif]-->\n<video class=\"wp-video-shortcode\" id=\"video-859-1\" preload=\"metadata\" controls=\"controls\"><source type=\"video\/youtube\" src=\"https:\/\/youtu.be\/27wF1t-cm2g?_=1\" \/><a href=\"https:\/\/youtu.be\/27wF1t-cm2g\">https:\/\/youtu.be\/27wF1t-cm2g<\/a><\/video><\/div><\/div><div id=\"panel-859-0-0-2\" class=\"so-panel widget_media_image\" data-index=\"2\" ><img loading=\"lazy\" decoding=\"async\" width=\"300\" height=\"225\" src=\"https:\/\/dammkultur.ch\/dk_wp\/wp-content\/uploads\/2021\/03\/20210323_152739-300x225.jpg\" class=\"image wp-image-855  attachment-medium size-medium\" alt=\"\" style=\"max-width: 100%; height: auto;\" srcset=\"https:\/\/dammkultur.ch\/dk_wp\/wp-content\/uploads\/2021\/03\/20210323_152739-300x225.jpg 300w, https:\/\/dammkultur.ch\/dk_wp\/wp-content\/uploads\/2021\/03\/20210323_152739-768x576.jpg 768w, https:\/\/dammkultur.ch\/dk_wp\/wp-content\/uploads\/2021\/03\/20210323_152739.jpg 800w\" sizes=\"auto, (max-width: 300px) 85vw, 300px\" \/><\/div><div id=\"panel-859-0-0-3\" class=\"so-panel widget_media_video\" data-index=\"3\" ><div style=\"width:100%;\" class=\"wp-video\"><video class=\"wp-video-shortcode\" id=\"video-859-2\" preload=\"metadata\" controls=\"controls\"><source type=\"video\/youtube\" src=\"https:\/\/youtu.be\/vDHgZAo23Zw?t=24&#038;_=2\" \/><a href=\"https:\/\/youtu.be\/vDHgZAo23Zw?t=24\">https:\/\/youtu.be\/vDHgZAo23Zw?t=24<\/a><\/video><\/div><\/div><div id=\"panel-859-0-0-4\" class=\"so-panel widget_media_video\" data-index=\"4\" ><div style=\"width:100%;\" class=\"wp-video\"><video class=\"wp-video-shortcode\" id=\"video-859-3\" preload=\"metadata\" controls=\"controls\"><source type=\"video\/youtube\" src=\"https:\/\/youtu.be\/Gwm_-5iukho?_=3\" \/><a href=\"https:\/\/youtu.be\/Gwm_-5iukho\">https:\/\/youtu.be\/Gwm_-5iukho<\/a><\/video><\/div><\/div><div id=\"panel-859-0-0-5\" class=\"so-panel widget_media_video\" data-index=\"5\" ><div style=\"width:100%;\" class=\"wp-video\"><video class=\"wp-video-shortcode\" id=\"video-859-4\" preload=\"metadata\" controls=\"controls\"><source type=\"video\/youtube\" src=\"https:\/\/youtu.be\/4oYNPyf6ShY?_=4\" \/><a href=\"https:\/\/youtu.be\/4oYNPyf6ShY\">https:\/\/youtu.be\/4oYNPyf6ShY<\/a><\/video><\/div><\/div><div id=\"panel-859-0-0-6\" class=\"so-panel widget_media_video\" data-index=\"6\" ><div style=\"width:100%;\" class=\"wp-video\"><video class=\"wp-video-shortcode\" id=\"video-859-5\" preload=\"metadata\" controls=\"controls\"><source type=\"video\/youtube\" src=\"https:\/\/youtu.be\/eQczlZJuO4E?_=5\" \/><a href=\"https:\/\/youtu.be\/eQczlZJuO4E\">https:\/\/youtu.be\/eQczlZJuO4E<\/a><\/video><\/div><\/div><div id=\"panel-859-0-0-7\" class=\"so-panel widget_media_video panel-last-child\" data-index=\"7\" ><div style=\"width:100%;\" class=\"wp-video\"><video class=\"wp-video-shortcode\" id=\"video-859-6\" preload=\"metadata\" controls=\"controls\"><source type=\"video\/youtube\" src=\"https:\/\/youtu.be\/_56zZNurNQs?_=6\" \/><a href=\"https:\/\/youtu.be\/_56zZNurNQs\">https:\/\/youtu.be\/_56zZNurNQs<\/a><\/video><\/div><\/div><\/div><\/div><\/div>","protected":false},"excerpt":{"rendered":"<p>Hier sehen sie den Dammpflug NG350 nonstop beim Getreide hacken. Der Dammpflug wurde mit den Hackk\u00f6rpern ausger\u00fcstet, der zweite und vierte Schar sind nach hinten versetzt und beugen somit einem Verstopfen vor. Der Reihenabstand betr\u00e4gt 60cm. Zus\u00e4tzlich ist noch eine Schleppkette montiert um das Getreide von m\u00f6glichen Erdklumpen zu reinigen.<\/p>\n","protected":false},"author":1,"featured_media":0,"parent":0,"menu_order":0,"comment_status":"closed","ping_status":"closed","template":"","meta":{"footnotes":""},"class_list":["post-859","page","type-page","status-publish","hentry"],"yoast_head":"<!-- This site is optimized with the Yoast SEO plugin v25.1 - https:\/\/yoast.com\/wordpress\/plugins\/seo\/ -->\n<title>Getreide hacken - Dammkultur<\/title>\n<meta name=\"robots\" content=\"index, follow, max-snippet:-1, max-image-preview:large, max-video-preview:-1\" \/>\n<link rel=\"canonical\" href=\"https:\/\/dammkultur.ch\/dk_wp\/?page_id=859\" \/>\n<meta property=\"og:locale\" content=\"de_DE\" \/>\n<meta property=\"og:type\" content=\"article\" \/>\n<meta property=\"og:title\" content=\"Getreide hacken - Dammkultur\" \/>\n<meta property=\"og:description\" content=\"Hier sehen sie den Dammpflug NG350 nonstop beim Getreide hacken. Der Dammpflug wurde mit den Hackk\u00f6rpern ausger\u00fcstet, der zweite und vierte Schar sind nach hinten versetzt und beugen somit einem Verstopfen vor. Der Reihenabstand betr\u00e4gt 60cm. Zus\u00e4tzlich ist noch eine Schleppkette montiert um das Getreide von m\u00f6glichen Erdklumpen zu reinigen.\" \/>\n<meta property=\"og:url\" content=\"https:\/\/dammkultur.ch\/dk_wp\/?page_id=859\" \/>\n<meta property=\"og:site_name\" content=\"Dammkultur\" \/>\n<meta property=\"article:modified_time\" content=\"2022-10-03T10:38:27+00:00\" \/>\n<meta name=\"twitter:card\" content=\"summary_large_image\" \/>\n<meta name=\"twitter:label1\" content=\"Gesch\u00e4tzte Lesezeit\" \/>\n\t<meta name=\"twitter:data1\" content=\"1\u00a0Minute\" \/>\n<script type=\"application\/ld+json\" class=\"yoast-schema-graph\">{\"@context\":\"https:\/\/schema.org\",\"@graph\":[{\"@type\":\"WebPage\",\"@id\":\"https:\/\/dammkultur.ch\/dk_wp\/?page_id=859\",\"url\":\"https:\/\/dammkultur.ch\/dk_wp\/?page_id=859\",\"name\":\"Getreide hacken - Dammkultur\",\"isPartOf\":{\"@id\":\"https:\/\/dammkultur.ch\/dk_wp\/#website\"},\"datePublished\":\"2021-04-02T17:00:43+00:00\",\"dateModified\":\"2022-10-03T10:38:27+00:00\",\"breadcrumb\":{\"@id\":\"https:\/\/dammkultur.ch\/dk_wp\/?page_id=859#breadcrumb\"},\"inLanguage\":\"de\",\"potentialAction\":[{\"@type\":\"ReadAction\",\"target\":[\"https:\/\/dammkultur.ch\/dk_wp\/?page_id=859\"]}]},{\"@type\":\"BreadcrumbList\",\"@id\":\"https:\/\/dammkultur.ch\/dk_wp\/?page_id=859#breadcrumb\",\"itemListElement\":[{\"@type\":\"ListItem\",\"position\":1,\"name\":\"Home\",\"item\":\"https:\/\/dammkultur.ch\/dk_wp\/\"},{\"@type\":\"ListItem\",\"position\":2,\"name\":\"Getreide hacken\"}]},{\"@type\":\"WebSite\",\"@id\":\"https:\/\/dammkultur.ch\/dk_wp\/#website\",\"url\":\"https:\/\/dammkultur.ch\/dk_wp\/\",\"name\":\"Dammkultur\",\"description\":\"\",\"potentialAction\":[{\"@type\":\"SearchAction\",\"target\":{\"@type\":\"EntryPoint\",\"urlTemplate\":\"https:\/\/dammkultur.ch\/dk_wp\/?s={search_term_string}\"},\"query-input\":{\"@type\":\"PropertyValueSpecification\",\"valueRequired\":true,\"valueName\":\"search_term_string\"}}],\"inLanguage\":\"de\"}]}<\/script>\n<!-- \/ Yoast SEO plugin. -->","yoast_head_json":{"title":"Getreide hacken - Dammkultur","robots":{"index":"index","follow":"follow","max-snippet":"max-snippet:-1","max-image-preview":"max-image-preview:large","max-video-preview":"max-video-preview:-1"},"canonical":"https:\/\/dammkultur.ch\/dk_wp\/?page_id=859","og_locale":"de_DE","og_type":"article","og_title":"Getreide hacken - Dammkultur","og_description":"Hier sehen sie den Dammpflug NG350 nonstop beim Getreide hacken. Der Dammpflug wurde mit den Hackk\u00f6rpern ausger\u00fcstet, der zweite und vierte Schar sind nach hinten versetzt und beugen somit einem Verstopfen vor. Der Reihenabstand betr\u00e4gt 60cm. Zus\u00e4tzlich ist noch eine Schleppkette montiert um das Getreide von m\u00f6glichen Erdklumpen zu reinigen.","og_url":"https:\/\/dammkultur.ch\/dk_wp\/?page_id=859","og_site_name":"Dammkultur","article_modified_time":"2022-10-03T10:38:27+00:00","twitter_card":"summary_large_image","twitter_misc":{"Gesch\u00e4tzte Lesezeit":"1\u00a0Minute"},"schema":{"@context":"https:\/\/schema.org","@graph":[{"@type":"WebPage","@id":"https:\/\/dammkultur.ch\/dk_wp\/?page_id=859","url":"https:\/\/dammkultur.ch\/dk_wp\/?page_id=859","name":"Getreide hacken - Dammkultur","isPartOf":{"@id":"https:\/\/dammkultur.ch\/dk_wp\/#website"},"datePublished":"2021-04-02T17:00:43+00:00","dateModified":"2022-10-03T10:38:27+00:00","breadcrumb":{"@id":"https:\/\/dammkultur.ch\/dk_wp\/?page_id=859#breadcrumb"},"inLanguage":"de","potentialAction":[{"@type":"ReadAction","target":["https:\/\/dammkultur.ch\/dk_wp\/?page_id=859"]}]},{"@type":"BreadcrumbList","@id":"https:\/\/dammkultur.ch\/dk_wp\/?page_id=859#breadcrumb","itemListElement":[{"@type":"ListItem","position":1,"name":"Home","item":"https:\/\/dammkultur.ch\/dk_wp\/"},{"@type":"ListItem","position":2,"name":"Getreide hacken"}]},{"@type":"WebSite","@id":"https:\/\/dammkultur.ch\/dk_wp\/#website","url":"https:\/\/dammkultur.ch\/dk_wp\/","name":"Dammkultur","description":"","potentialAction":[{"@type":"SearchAction","target":{"@type":"EntryPoint","urlTemplate":"https:\/\/dammkultur.ch\/dk_wp\/?s={search_term_string}"},"query-input":{"@type":"PropertyValueSpecification","valueRequired":true,"valueName":"search_term_string"}}],"inLanguage":"de"}]}},"jetpack_sharing_enabled":true,"_links":{"self":[{"href":"https:\/\/dammkultur.ch\/dk_wp\/index.php?rest_route=\/wp\/v2\/pages\/859","targetHints":{"allow":["GET"]}}],"collection":[{"href":"https:\/\/dammkultur.ch\/dk_wp\/index.php?rest_route=\/wp\/v2\/pages"}],"about":[{"href":"https:\/\/dammkultur.ch\/dk_wp\/index.php?rest_route=\/wp\/v2\/types\/page"}],"author":[{"embeddable":true,"href":"https:\/\/dammkultur.ch\/dk_wp\/index.php?rest_route=\/wp\/v2\/users\/1"}],"replies":[{"embeddable":true,"href":"https:\/\/dammkultur.ch\/dk_wp\/index.php?rest_route=%2Fwp%2Fv2%2Fcomments&post=859"}],"version-history":[{"count":16,"href":"https:\/\/dammkultur.ch\/dk_wp\/index.php?rest_route=\/wp\/v2\/pages\/859\/revisions"}],"predecessor-version":[{"id":944,"href":"https:\/\/dammkultur.ch\/dk_wp\/index.php?rest_route=\/wp\/v2\/pages\/859\/revisions\/944"}],"wp:attachment":[{"href":"https:\/\/dammkultur.ch\/dk_wp\/index.php?rest_route=%2Fwp%2Fv2%2Fmedia&parent=859"}],"curies":[{"name":"wp","href":"https:\/\/api.w.org\/{rel}","templated":true}]}}