{"id":522,"date":"2021-02-11T18:50:09","date_gmt":"2021-02-11T18:50:09","guid":{"rendered":"https:\/\/dammkultur.ch\/dk_wp\/?page_id=522"},"modified":"2024-04-23T15:00:51","modified_gmt":"2024-04-23T15:00:51","slug":"maschinenuebergaben","status":"publish","type":"page","link":"https:\/\/dammkultur.ch\/dk_wp\/?page_id=522","title":{"rendered":"Maschinen\u00fcbergaben"},"content":{"rendered":"<div id=\"pl-522\"  class=\"panel-layout\" ><div id=\"pg-522-0\"  class=\"panel-grid panel-no-style\" ><div id=\"pgc-522-0-0\"  class=\"panel-grid-cell\" ><div id=\"panel-522-0-0-0\" class=\"so-panel widget_text panel-first-child\" data-index=\"0\" >\t\t\t<div class=\"textwidget\"><p>\u00dcbergabe Dammpflug NG350 inkl. S\u00e4aufbau an <span class=\"wixui-rich-text__text\">Silvia &amp; Thomas B\u00e4hler-Vonlanthen<\/span><\/p>\n<\/div>\n\t\t<\/div><div id=\"panel-522-0-0-1\" class=\"so-panel widget_media_image\" data-index=\"1\" ><div id=\"Baehler\" class=\"panel-widget-style panel-widget-style-for-522-0-0-1\" ><img loading=\"lazy\" decoding=\"async\" width=\"300\" height=\"225\" src=\"https:\/\/dammkultur.ch\/dk_wp\/wp-content\/uploads\/2024\/04\/Baehler_01-300x225.jpg\" class=\"image wp-image-1066  attachment-medium size-medium\" alt=\"\" style=\"max-width: 100%; height: auto;\" srcset=\"https:\/\/dammkultur.ch\/dk_wp\/wp-content\/uploads\/2024\/04\/Baehler_01-300x225.jpg 300w, https:\/\/dammkultur.ch\/dk_wp\/wp-content\/uploads\/2024\/04\/Baehler_01-1024x768.jpg 1024w, https:\/\/dammkultur.ch\/dk_wp\/wp-content\/uploads\/2024\/04\/Baehler_01-768x576.jpg 768w, https:\/\/dammkultur.ch\/dk_wp\/wp-content\/uploads\/2024\/04\/Baehler_01-1536x1152.jpg 1536w, https:\/\/dammkultur.ch\/dk_wp\/wp-content\/uploads\/2024\/04\/Baehler_01-1200x900.jpg 1200w, https:\/\/dammkultur.ch\/dk_wp\/wp-content\/uploads\/2024\/04\/Baehler_01.jpg 2016w\" sizes=\"auto, (max-width: 300px) 85vw, 300px\" \/><\/div><\/div><div id=\"panel-522-0-0-2\" class=\"so-panel widget_media_image\" data-index=\"2\" ><div id=\"Baehler\" class=\"panel-widget-style panel-widget-style-for-522-0-0-2\" ><img loading=\"lazy\" decoding=\"async\" width=\"300\" height=\"225\" src=\"https:\/\/dammkultur.ch\/dk_wp\/wp-content\/uploads\/2024\/04\/Baehler_03-300x225.jpg\" class=\"image wp-image-1068  attachment-medium size-medium\" alt=\"\" style=\"max-width: 100%; height: auto;\" srcset=\"https:\/\/dammkultur.ch\/dk_wp\/wp-content\/uploads\/2024\/04\/Baehler_03-300x225.jpg 300w, https:\/\/dammkultur.ch\/dk_wp\/wp-content\/uploads\/2024\/04\/Baehler_03-1024x768.jpg 1024w, https:\/\/dammkultur.ch\/dk_wp\/wp-content\/uploads\/2024\/04\/Baehler_03-768x576.jpg 768w, https:\/\/dammkultur.ch\/dk_wp\/wp-content\/uploads\/2024\/04\/Baehler_03-1536x1152.jpg 1536w, https:\/\/dammkultur.ch\/dk_wp\/wp-content\/uploads\/2024\/04\/Baehler_03-1200x900.jpg 1200w, https:\/\/dammkultur.ch\/dk_wp\/wp-content\/uploads\/2024\/04\/Baehler_03.jpg 2016w\" sizes=\"auto, (max-width: 300px) 85vw, 300px\" \/><\/div><\/div><div id=\"panel-522-0-0-3\" class=\"so-panel widget_media_image\" data-index=\"3\" ><div id=\"Baehler\" class=\"panel-widget-style panel-widget-style-for-522-0-0-3\" ><img loading=\"lazy\" decoding=\"async\" width=\"300\" height=\"225\" src=\"https:\/\/dammkultur.ch\/dk_wp\/wp-content\/uploads\/2024\/04\/Baehler_02-300x225.jpg\" class=\"image wp-image-1067  attachment-medium size-medium\" alt=\"\" style=\"max-width: 100%; height: auto;\" srcset=\"https:\/\/dammkultur.ch\/dk_wp\/wp-content\/uploads\/2024\/04\/Baehler_02-300x225.jpg 300w, https:\/\/dammkultur.ch\/dk_wp\/wp-content\/uploads\/2024\/04\/Baehler_02-1024x768.jpg 1024w, https:\/\/dammkultur.ch\/dk_wp\/wp-content\/uploads\/2024\/04\/Baehler_02-768x576.jpg 768w, https:\/\/dammkultur.ch\/dk_wp\/wp-content\/uploads\/2024\/04\/Baehler_02-1536x1152.jpg 1536w, https:\/\/dammkultur.ch\/dk_wp\/wp-content\/uploads\/2024\/04\/Baehler_02-1200x900.jpg 1200w, https:\/\/dammkultur.ch\/dk_wp\/wp-content\/uploads\/2024\/04\/Baehler_02.jpg 2016w\" sizes=\"auto, (max-width: 300px) 85vw, 300px\" \/><\/div><\/div><div id=\"panel-522-0-0-4\" class=\"so-panel widget_text\" data-index=\"4\" >\t\t\t<div class=\"textwidget\"><p>\u00dcbergabe Dammpflug NG350 inkl. S\u00e4aufbau an Stefan K\u00fcnzi und Meier J\u00fcrg<\/p>\n<\/div>\n\t\t<\/div><div id=\"panel-522-0-0-5\" class=\"so-panel widget_media_image\" data-index=\"5\" ><img loading=\"lazy\" decoding=\"async\" width=\"300\" height=\"225\" src=\"https:\/\/dammkultur.ch\/dk_wp\/wp-content\/uploads\/2023\/09\/20230920_165644-300x225.jpg\" class=\"image wp-image-1040  attachment-medium size-medium\" alt=\"\" style=\"max-width: 100%; height: auto;\" srcset=\"https:\/\/dammkultur.ch\/dk_wp\/wp-content\/uploads\/2023\/09\/20230920_165644-300x225.jpg 300w, https:\/\/dammkultur.ch\/dk_wp\/wp-content\/uploads\/2023\/09\/20230920_165644-768x576.jpg 768w, https:\/\/dammkultur.ch\/dk_wp\/wp-content\/uploads\/2023\/09\/20230920_165644.jpg 800w\" sizes=\"auto, (max-width: 300px) 85vw, 300px\" \/><\/div><div id=\"panel-522-0-0-6\" class=\"so-panel widget_text\" data-index=\"6\" >\t\t\t<div class=\"textwidget\"><p>\u00dcbergabe Dammpflug NG350 inkl. S\u00e4aufbau an Michael Kipfer<\/p>\n<\/div>\n\t\t<\/div><div id=\"panel-522-0-0-7\" class=\"so-panel widget_media_image\" data-index=\"7\" ><img loading=\"lazy\" decoding=\"async\" width=\"300\" height=\"225\" src=\"https:\/\/dammkultur.ch\/dk_wp\/wp-content\/uploads\/2023\/09\/20230920_165702-300x225.jpg\" class=\"image wp-image-1038  attachment-medium size-medium\" alt=\"\" style=\"max-width: 100%; height: auto;\" srcset=\"https:\/\/dammkultur.ch\/dk_wp\/wp-content\/uploads\/2023\/09\/20230920_165702-300x225.jpg 300w, https:\/\/dammkultur.ch\/dk_wp\/wp-content\/uploads\/2023\/09\/20230920_165702-768x576.jpg 768w, https:\/\/dammkultur.ch\/dk_wp\/wp-content\/uploads\/2023\/09\/20230920_165702.jpg 800w\" sizes=\"auto, (max-width: 300px) 85vw, 300px\" \/><\/div><div id=\"panel-522-0-0-8\" class=\"so-panel widget_text\" data-index=\"8\" >\t\t\t<div class=\"textwidget\"><p>\u00dcbergabe Dammpflug NG350 inkl. S\u00e4aufbau an Adrian Knuchel<\/p>\n<\/div>\n\t\t<\/div><div id=\"panel-522-0-0-9\" class=\"so-panel widget_media_image\" data-index=\"9\" ><img loading=\"lazy\" decoding=\"async\" width=\"300\" height=\"225\" src=\"https:\/\/dammkultur.ch\/dk_wp\/wp-content\/uploads\/2023\/09\/20230919_151528-300x225.jpg\" class=\"image wp-image-1034  attachment-medium size-medium\" alt=\"\" style=\"max-width: 100%; height: auto;\" srcset=\"https:\/\/dammkultur.ch\/dk_wp\/wp-content\/uploads\/2023\/09\/20230919_151528-300x225.jpg 300w, https:\/\/dammkultur.ch\/dk_wp\/wp-content\/uploads\/2023\/09\/20230919_151528-768x576.jpg 768w, https:\/\/dammkultur.ch\/dk_wp\/wp-content\/uploads\/2023\/09\/20230919_151528.jpg 800w\" sizes=\"auto, (max-width: 300px) 85vw, 300px\" \/><\/div><div id=\"panel-522-0-0-10\" class=\"so-panel widget_text\" data-index=\"10\" >\t\t\t<div class=\"textwidget\"><p>\u00dcbergabe Einzelteile an Roger G\u00fcndel.<\/p>\n<div dir=\"auto\"><em>&#8222;Ich bin immer noch sehr begeistert von deinem Damm Grubber.<\/em><\/div>\n<div dir=\"auto\"><em>Dank dem H\u00e4ufeln und umh\u00e4ufeln sind in nur einem Sommer fast alle Wurzelunkr\u00e4uter wie Hanenfuss, Winden und Quecke verschwunden oder stark dezimiert.\u00a0 Mit zwei maligem Flach Fr\u00e4sen und Anschlie\u00dfendem H\u00e4ufeln und umh\u00e4ufeln sind auch alle Ampfer verschwunden. Hurra.&#8220;<\/em><\/div>\n<\/div>\n\t\t<\/div><div id=\"panel-522-0-0-11\" class=\"so-panel widget_media_image\" data-index=\"11\" ><img loading=\"lazy\" decoding=\"async\" width=\"300\" height=\"225\" src=\"https:\/\/dammkultur.ch\/dk_wp\/wp-content\/uploads\/2023\/09\/20230602_141228-300x225.jpg\" class=\"image wp-image-1031  attachment-medium size-medium\" alt=\"\" style=\"max-width: 100%; height: auto;\" srcset=\"https:\/\/dammkultur.ch\/dk_wp\/wp-content\/uploads\/2023\/09\/20230602_141228-300x225.jpg 300w, https:\/\/dammkultur.ch\/dk_wp\/wp-content\/uploads\/2023\/09\/20230602_141228-768x576.jpg 768w, https:\/\/dammkultur.ch\/dk_wp\/wp-content\/uploads\/2023\/09\/20230602_141228.jpg 800w\" sizes=\"auto, (max-width: 300px) 85vw, 300px\" \/><\/div><div id=\"panel-522-0-0-12\" class=\"so-panel widget_text\" data-index=\"12\" >\t\t\t<div class=\"textwidget\"><p>\u00dcbergabe Dammpflug NG350 inkl. S\u00e4aufbau an Stefan Frei 8330 Pf\u00e4ffikon ZH<\/p>\n<\/div>\n\t\t<\/div><div id=\"panel-522-0-0-13\" class=\"so-panel widget_media_image\" data-index=\"13\" ><img loading=\"lazy\" decoding=\"async\" width=\"300\" height=\"225\" src=\"https:\/\/dammkultur.ch\/dk_wp\/wp-content\/uploads\/2023\/05\/20230415_142452-300x225.jpg\" class=\"image wp-image-963  attachment-medium size-medium\" alt=\"\" style=\"max-width: 100%; height: auto;\" srcset=\"https:\/\/dammkultur.ch\/dk_wp\/wp-content\/uploads\/2023\/05\/20230415_142452-300x225.jpg 300w, https:\/\/dammkultur.ch\/dk_wp\/wp-content\/uploads\/2023\/05\/20230415_142452-768x576.jpg 768w, https:\/\/dammkultur.ch\/dk_wp\/wp-content\/uploads\/2023\/05\/20230415_142452.jpg 800w\" sizes=\"auto, (max-width: 300px) 85vw, 300px\" \/><\/div><div id=\"panel-522-0-0-14\" class=\"so-panel widget_text\" data-index=\"14\" >\t\t\t<div class=\"textwidget\"><p>\u00dcbergabe Dammpflug NG350 inkl. S\u00e4aufbau an Claudia Menzi 8554 Bonau<\/p>\n<\/div>\n\t\t<\/div><div id=\"panel-522-0-0-15\" class=\"so-panel widget_media_image\" data-index=\"15\" ><img loading=\"lazy\" decoding=\"async\" width=\"300\" height=\"225\" src=\"https:\/\/dammkultur.ch\/dk_wp\/wp-content\/uploads\/2023\/05\/20230322_152754-300x225.jpg\" class=\"image wp-image-956  attachment-medium size-medium\" alt=\"\" style=\"max-width: 100%; height: auto;\" srcset=\"https:\/\/dammkultur.ch\/dk_wp\/wp-content\/uploads\/2023\/05\/20230322_152754-300x225.jpg 300w, https:\/\/dammkultur.ch\/dk_wp\/wp-content\/uploads\/2023\/05\/20230322_152754-768x576.jpg 768w, https:\/\/dammkultur.ch\/dk_wp\/wp-content\/uploads\/2023\/05\/20230322_152754.jpg 800w\" sizes=\"auto, (max-width: 300px) 85vw, 300px\" \/><\/div><div id=\"panel-522-0-0-16\" class=\"so-panel widget_text\" data-index=\"16\" >\t\t\t<div class=\"textwidget\"><p>\u00dcbergabe Dammpflug NG350 nonstop inkl. S\u00e4aufbau an Thomas Tanner 8232 Merishausen<\/p>\n<\/div>\n\t\t<\/div><div id=\"panel-522-0-0-17\" class=\"so-panel widget_media_image\" data-index=\"17\" ><img loading=\"lazy\" decoding=\"async\" width=\"300\" height=\"225\" src=\"https:\/\/dammkultur.ch\/dk_wp\/wp-content\/uploads\/2023\/05\/20230515_155942-300x225.jpg\" class=\"image wp-image-985  attachment-medium size-medium\" alt=\"\" style=\"max-width: 100%; height: auto;\" srcset=\"https:\/\/dammkultur.ch\/dk_wp\/wp-content\/uploads\/2023\/05\/20230515_155942-300x225.jpg 300w, https:\/\/dammkultur.ch\/dk_wp\/wp-content\/uploads\/2023\/05\/20230515_155942-768x576.jpg 768w, https:\/\/dammkultur.ch\/dk_wp\/wp-content\/uploads\/2023\/05\/20230515_155942.jpg 800w\" sizes=\"auto, (max-width: 300px) 85vw, 300px\" \/><\/div><div id=\"panel-522-0-0-18\" class=\"so-panel widget_media_image\" data-index=\"18\" ><img loading=\"lazy\" decoding=\"async\" width=\"300\" height=\"225\" src=\"https:\/\/dammkultur.ch\/dk_wp\/wp-content\/uploads\/2023\/05\/20221121_100041-300x225.jpg\" class=\"image wp-image-967  attachment-medium size-medium\" alt=\"\" style=\"max-width: 100%; height: auto;\" srcset=\"https:\/\/dammkultur.ch\/dk_wp\/wp-content\/uploads\/2023\/05\/20221121_100041-300x225.jpg 300w, https:\/\/dammkultur.ch\/dk_wp\/wp-content\/uploads\/2023\/05\/20221121_100041-768x576.jpg 768w, https:\/\/dammkultur.ch\/dk_wp\/wp-content\/uploads\/2023\/05\/20221121_100041.jpg 800w\" sizes=\"auto, (max-width: 300px) 85vw, 300px\" \/><\/div><div id=\"panel-522-0-0-19\" class=\"so-panel widget_media_image\" data-index=\"19\" ><img loading=\"lazy\" decoding=\"async\" width=\"300\" height=\"225\" src=\"https:\/\/dammkultur.ch\/dk_wp\/wp-content\/uploads\/2023\/05\/20230515_155921-300x225.jpg\" class=\"image wp-image-984  attachment-medium size-medium\" alt=\"\" style=\"max-width: 100%; height: auto;\" srcset=\"https:\/\/dammkultur.ch\/dk_wp\/wp-content\/uploads\/2023\/05\/20230515_155921-300x225.jpg 300w, https:\/\/dammkultur.ch\/dk_wp\/wp-content\/uploads\/2023\/05\/20230515_155921-768x576.jpg 768w, https:\/\/dammkultur.ch\/dk_wp\/wp-content\/uploads\/2023\/05\/20230515_155921.jpg 800w\" sizes=\"auto, (max-width: 300px) 85vw, 300px\" \/><\/div><div id=\"panel-522-0-0-20\" class=\"so-panel widget_media_image\" data-index=\"20\" ><img loading=\"lazy\" decoding=\"async\" width=\"300\" height=\"225\" src=\"https:\/\/dammkultur.ch\/dk_wp\/wp-content\/uploads\/2023\/05\/20230515_155605-300x225.jpg\" class=\"image wp-image-983  attachment-medium size-medium\" alt=\"\" style=\"max-width: 100%; height: auto;\" srcset=\"https:\/\/dammkultur.ch\/dk_wp\/wp-content\/uploads\/2023\/05\/20230515_155605-300x225.jpg 300w, https:\/\/dammkultur.ch\/dk_wp\/wp-content\/uploads\/2023\/05\/20230515_155605-768x576.jpg 768w, https:\/\/dammkultur.ch\/dk_wp\/wp-content\/uploads\/2023\/05\/20230515_155605.jpg 800w\" sizes=\"auto, (max-width: 300px) 85vw, 300px\" \/><\/div><div id=\"panel-522-0-0-21\" class=\"so-panel widget_block\" data-index=\"21\" >Michael Scharlau Rosendahl Deutschland mit seinem Dammpflug NG350 beim D\u00e4mme ziehen. <\/div><div id=\"panel-522-0-0-22\" class=\"so-panel widget_media_image\" data-index=\"22\" ><img loading=\"lazy\" decoding=\"async\" width=\"300\" height=\"146\" src=\"https:\/\/dammkultur.ch\/dk_wp\/wp-content\/uploads\/2022\/09\/Screenshot_20220926-105014_Video-Player-300x146.jpg\" class=\"image wp-image-926  attachment-medium size-medium\" alt=\"\" style=\"max-width: 100%; height: auto;\" srcset=\"https:\/\/dammkultur.ch\/dk_wp\/wp-content\/uploads\/2022\/09\/Screenshot_20220926-105014_Video-Player-300x146.jpg 300w, https:\/\/dammkultur.ch\/dk_wp\/wp-content\/uploads\/2022\/09\/Screenshot_20220926-105014_Video-Player-1024x498.jpg 1024w, https:\/\/dammkultur.ch\/dk_wp\/wp-content\/uploads\/2022\/09\/Screenshot_20220926-105014_Video-Player-768x374.jpg 768w, https:\/\/dammkultur.ch\/dk_wp\/wp-content\/uploads\/2022\/09\/Screenshot_20220926-105014_Video-Player-1536x747.jpg 1536w, https:\/\/dammkultur.ch\/dk_wp\/wp-content\/uploads\/2022\/09\/Screenshot_20220926-105014_Video-Player-2048x996.jpg 2048w, https:\/\/dammkultur.ch\/dk_wp\/wp-content\/uploads\/2022\/09\/Screenshot_20220926-105014_Video-Player-1200x584.jpg 1200w\" sizes=\"auto, (max-width: 300px) 85vw, 300px\" \/><\/div><div id=\"panel-522-0-0-23\" class=\"so-panel widget_text\" data-index=\"23\" >\t\t\t<div class=\"textwidget\"><p>\u00dcbergabe Dammpflug NG350 nonstop inkl. S\u00e4aufbau an David Regli<\/p>\n<\/div>\n\t\t<\/div><div id=\"panel-522-0-0-24\" class=\"so-panel widget_media_image\" data-index=\"24\" ><img loading=\"lazy\" decoding=\"async\" width=\"300\" height=\"225\" src=\"https:\/\/dammkultur.ch\/dk_wp\/wp-content\/uploads\/2022\/04\/20220312_161611-300x225.jpg\" class=\"image wp-image-911  attachment-medium size-medium\" alt=\"\" style=\"max-width: 100%; height: auto;\" srcset=\"https:\/\/dammkultur.ch\/dk_wp\/wp-content\/uploads\/2022\/04\/20220312_161611-300x225.jpg 300w, https:\/\/dammkultur.ch\/dk_wp\/wp-content\/uploads\/2022\/04\/20220312_161611-768x576.jpg 768w, https:\/\/dammkultur.ch\/dk_wp\/wp-content\/uploads\/2022\/04\/20220312_161611.jpg 800w\" sizes=\"auto, (max-width: 300px) 85vw, 300px\" \/><\/div><div id=\"panel-522-0-0-25\" class=\"so-panel widget_media_image\" data-index=\"25\" ><img loading=\"lazy\" decoding=\"async\" width=\"300\" height=\"225\" src=\"https:\/\/dammkultur.ch\/dk_wp\/wp-content\/uploads\/2022\/04\/20220310_132413-300x225.jpg\" class=\"image wp-image-905  attachment-medium size-medium\" alt=\"\" style=\"max-width: 100%; height: auto;\" srcset=\"https:\/\/dammkultur.ch\/dk_wp\/wp-content\/uploads\/2022\/04\/20220310_132413-300x225.jpg 300w, https:\/\/dammkultur.ch\/dk_wp\/wp-content\/uploads\/2022\/04\/20220310_132413-768x576.jpg 768w, https:\/\/dammkultur.ch\/dk_wp\/wp-content\/uploads\/2022\/04\/20220310_132413.jpg 800w\" sizes=\"auto, (max-width: 300px) 85vw, 300px\" \/><\/div><div id=\"panel-522-0-0-26\" class=\"so-panel widget_text\" data-index=\"26\" >\t\t\t<div class=\"textwidget\"><p>\u00dcbergabe Dammpflug NG350 nonstop an Fam. Blattmann (ZG)<\/p>\n<\/div>\n\t\t<\/div><div id=\"panel-522-0-0-27\" class=\"so-panel widget_media_image\" data-index=\"27\" ><img loading=\"lazy\" decoding=\"async\" width=\"300\" height=\"225\" src=\"https:\/\/dammkultur.ch\/dk_wp\/wp-content\/uploads\/2021\/10\/20211006_132541-300x225.jpg\" class=\"image wp-image-876  attachment-medium size-medium\" alt=\"\" style=\"max-width: 100%; height: auto;\" srcset=\"https:\/\/dammkultur.ch\/dk_wp\/wp-content\/uploads\/2021\/10\/20211006_132541-300x225.jpg 300w, https:\/\/dammkultur.ch\/dk_wp\/wp-content\/uploads\/2021\/10\/20211006_132541-768x576.jpg 768w, https:\/\/dammkultur.ch\/dk_wp\/wp-content\/uploads\/2021\/10\/20211006_132541.jpg 800w\" sizes=\"auto, (max-width: 300px) 85vw, 300px\" \/><\/div><div id=\"panel-522-0-0-28\" class=\"so-panel widget_text\" data-index=\"28\" >\t\t\t<div class=\"textwidget\"><p>\u00dcbergabe Dammpflug NG350 inkl. Schnellwechsel S\u00e4rahmen an Peter Forster TG<\/p>\n<\/div>\n\t\t<\/div><div id=\"panel-522-0-0-29\" class=\"so-panel widget_media_image panel-last-child\" data-index=\"29\" ><img loading=\"lazy\" decoding=\"async\" width=\"300\" height=\"225\" src=\"https:\/\/dammkultur.ch\/dk_wp\/wp-content\/uploads\/2021\/02\/20210210_144449-300x225.jpg\" class=\"image wp-image-523  attachment-medium size-medium\" alt=\"\" style=\"max-width: 100%; height: auto;\" srcset=\"https:\/\/dammkultur.ch\/dk_wp\/wp-content\/uploads\/2021\/02\/20210210_144449-300x225.jpg 300w, https:\/\/dammkultur.ch\/dk_wp\/wp-content\/uploads\/2021\/02\/20210210_144449-768x576.jpg 768w, https:\/\/dammkultur.ch\/dk_wp\/wp-content\/uploads\/2021\/02\/20210210_144449.jpg 800w\" sizes=\"auto, (max-width: 300px) 85vw, 300px\" \/><\/div><\/div><\/div><\/div>","protected":false},"excerpt":{"rendered":"<p>\u00dcbergabe Dammpflug NG350 inkl. S\u00e4aufbau an Silvia &amp; Thomas B\u00e4hler-Vonlanthen \u00dcbergabe Dammpflug NG350 inkl. S\u00e4aufbau an Stefan K\u00fcnzi und Meier J\u00fcrg \u00dcbergabe Dammpflug NG350 inkl. S\u00e4aufbau an Michael Kipfer \u00dcbergabe Dammpflug NG350 inkl. S\u00e4aufbau an Adrian Knuchel \u00dcbergabe Einzelteile an Roger G\u00fcndel. &#8222;Ich bin immer noch sehr begeistert von deinem Damm Grubber. Dank dem H\u00e4ufeln &hellip; <a href=\"https:\/\/dammkultur.ch\/dk_wp\/?page_id=522\" class=\"more-link\"><span class=\"screen-reader-text\">\u201eMaschinen\u00fcbergaben\u201c<\/span> weiterlesen<\/a><\/p>\n","protected":false},"author":1,"featured_media":0,"parent":0,"menu_order":0,"comment_status":"closed","ping_status":"closed","template":"","meta":{"footnotes":""},"class_list":["post-522","page","type-page","status-publish","hentry"],"yoast_head":"<!-- This site is optimized with the Yoast SEO plugin v25.1 - https:\/\/yoast.com\/wordpress\/plugins\/seo\/ -->\n<title>Maschinen\u00fcbergaben - Dammkultur<\/title>\n<meta name=\"robots\" content=\"index, follow, max-snippet:-1, max-image-preview:large, max-video-preview:-1\" \/>\n<link rel=\"canonical\" href=\"https:\/\/dammkultur.ch\/dk_wp\/?page_id=522\" \/>\n<meta property=\"og:locale\" content=\"de_DE\" \/>\n<meta property=\"og:type\" content=\"article\" \/>\n<meta property=\"og:title\" content=\"Maschinen\u00fcbergaben - Dammkultur\" \/>\n<meta property=\"og:description\" content=\"\u00dcbergabe Dammpflug NG350 inkl. S\u00e4aufbau an Silvia &amp; Thomas B\u00e4hler-Vonlanthen \u00dcbergabe Dammpflug NG350 inkl. S\u00e4aufbau an Stefan K\u00fcnzi und Meier J\u00fcrg \u00dcbergabe Dammpflug NG350 inkl. S\u00e4aufbau an Michael Kipfer \u00dcbergabe Dammpflug NG350 inkl. S\u00e4aufbau an Adrian Knuchel \u00dcbergabe Einzelteile an Roger G\u00fcndel. &quot;Ich bin immer noch sehr begeistert von deinem Damm Grubber. Dank dem H\u00e4ufeln &hellip; \u201eMaschinen\u00fcbergaben\u201c weiterlesen\" \/>\n<meta property=\"og:url\" content=\"https:\/\/dammkultur.ch\/dk_wp\/?page_id=522\" \/>\n<meta property=\"og:site_name\" content=\"Dammkultur\" \/>\n<meta property=\"article:modified_time\" content=\"2024-04-23T15:00:51+00:00\" \/>\n<meta name=\"twitter:card\" content=\"summary_large_image\" \/>\n<meta name=\"twitter:label1\" content=\"Gesch\u00e4tzte Lesezeit\" \/>\n\t<meta name=\"twitter:data1\" content=\"2\u00a0Minuten\" \/>\n<script type=\"application\/ld+json\" class=\"yoast-schema-graph\">{\"@context\":\"https:\/\/schema.org\",\"@graph\":[{\"@type\":\"WebPage\",\"@id\":\"https:\/\/dammkultur.ch\/dk_wp\/?page_id=522\",\"url\":\"https:\/\/dammkultur.ch\/dk_wp\/?page_id=522\",\"name\":\"Maschinen\u00fcbergaben - Dammkultur\",\"isPartOf\":{\"@id\":\"https:\/\/dammkultur.ch\/dk_wp\/#website\"},\"datePublished\":\"2021-02-11T18:50:09+00:00\",\"dateModified\":\"2024-04-23T15:00:51+00:00\",\"breadcrumb\":{\"@id\":\"https:\/\/dammkultur.ch\/dk_wp\/?page_id=522#breadcrumb\"},\"inLanguage\":\"de\",\"potentialAction\":[{\"@type\":\"ReadAction\",\"target\":[\"https:\/\/dammkultur.ch\/dk_wp\/?page_id=522\"]}]},{\"@type\":\"BreadcrumbList\",\"@id\":\"https:\/\/dammkultur.ch\/dk_wp\/?page_id=522#breadcrumb\",\"itemListElement\":[{\"@type\":\"ListItem\",\"position\":1,\"name\":\"Home\",\"item\":\"https:\/\/dammkultur.ch\/dk_wp\/\"},{\"@type\":\"ListItem\",\"position\":2,\"name\":\"Maschinen\u00fcbergaben\"}]},{\"@type\":\"WebSite\",\"@id\":\"https:\/\/dammkultur.ch\/dk_wp\/#website\",\"url\":\"https:\/\/dammkultur.ch\/dk_wp\/\",\"name\":\"Dammkultur\",\"description\":\"\",\"potentialAction\":[{\"@type\":\"SearchAction\",\"target\":{\"@type\":\"EntryPoint\",\"urlTemplate\":\"https:\/\/dammkultur.ch\/dk_wp\/?s={search_term_string}\"},\"query-input\":{\"@type\":\"PropertyValueSpecification\",\"valueRequired\":true,\"valueName\":\"search_term_string\"}}],\"inLanguage\":\"de\"}]}<\/script>\n<!-- \/ Yoast SEO plugin. -->","yoast_head_json":{"title":"Maschinen\u00fcbergaben - Dammkultur","robots":{"index":"index","follow":"follow","max-snippet":"max-snippet:-1","max-image-preview":"max-image-preview:large","max-video-preview":"max-video-preview:-1"},"canonical":"https:\/\/dammkultur.ch\/dk_wp\/?page_id=522","og_locale":"de_DE","og_type":"article","og_title":"Maschinen\u00fcbergaben - Dammkultur","og_description":"\u00dcbergabe Dammpflug NG350 inkl. S\u00e4aufbau an Silvia &amp; Thomas B\u00e4hler-Vonlanthen \u00dcbergabe Dammpflug NG350 inkl. S\u00e4aufbau an Stefan K\u00fcnzi und Meier J\u00fcrg \u00dcbergabe Dammpflug NG350 inkl. S\u00e4aufbau an Michael Kipfer \u00dcbergabe Dammpflug NG350 inkl. S\u00e4aufbau an Adrian Knuchel \u00dcbergabe Einzelteile an Roger G\u00fcndel. \"Ich bin immer noch sehr begeistert von deinem Damm Grubber. Dank dem H\u00e4ufeln &hellip; \u201eMaschinen\u00fcbergaben\u201c weiterlesen","og_url":"https:\/\/dammkultur.ch\/dk_wp\/?page_id=522","og_site_name":"Dammkultur","article_modified_time":"2024-04-23T15:00:51+00:00","twitter_card":"summary_large_image","twitter_misc":{"Gesch\u00e4tzte Lesezeit":"2\u00a0Minuten"},"schema":{"@context":"https:\/\/schema.org","@graph":[{"@type":"WebPage","@id":"https:\/\/dammkultur.ch\/dk_wp\/?page_id=522","url":"https:\/\/dammkultur.ch\/dk_wp\/?page_id=522","name":"Maschinen\u00fcbergaben - Dammkultur","isPartOf":{"@id":"https:\/\/dammkultur.ch\/dk_wp\/#website"},"datePublished":"2021-02-11T18:50:09+00:00","dateModified":"2024-04-23T15:00:51+00:00","breadcrumb":{"@id":"https:\/\/dammkultur.ch\/dk_wp\/?page_id=522#breadcrumb"},"inLanguage":"de","potentialAction":[{"@type":"ReadAction","target":["https:\/\/dammkultur.ch\/dk_wp\/?page_id=522"]}]},{"@type":"BreadcrumbList","@id":"https:\/\/dammkultur.ch\/dk_wp\/?page_id=522#breadcrumb","itemListElement":[{"@type":"ListItem","position":1,"name":"Home","item":"https:\/\/dammkultur.ch\/dk_wp\/"},{"@type":"ListItem","position":2,"name":"Maschinen\u00fcbergaben"}]},{"@type":"WebSite","@id":"https:\/\/dammkultur.ch\/dk_wp\/#website","url":"https:\/\/dammkultur.ch\/dk_wp\/","name":"Dammkultur","description":"","potentialAction":[{"@type":"SearchAction","target":{"@type":"EntryPoint","urlTemplate":"https:\/\/dammkultur.ch\/dk_wp\/?s={search_term_string}"},"query-input":{"@type":"PropertyValueSpecification","valueRequired":true,"valueName":"search_term_string"}}],"inLanguage":"de"}]}},"jetpack_sharing_enabled":true,"_links":{"self":[{"href":"https:\/\/dammkultur.ch\/dk_wp\/index.php?rest_route=\/wp\/v2\/pages\/522","targetHints":{"allow":["GET"]}}],"collection":[{"href":"https:\/\/dammkultur.ch\/dk_wp\/index.php?rest_route=\/wp\/v2\/pages"}],"about":[{"href":"https:\/\/dammkultur.ch\/dk_wp\/index.php?rest_route=\/wp\/v2\/types\/page"}],"author":[{"embeddable":true,"href":"https:\/\/dammkultur.ch\/dk_wp\/index.php?rest_route=\/wp\/v2\/users\/1"}],"replies":[{"embeddable":true,"href":"https:\/\/dammkultur.ch\/dk_wp\/index.php?rest_route=%2Fwp%2Fv2%2Fcomments&post=522"}],"version-history":[{"count":28,"href":"https:\/\/dammkultur.ch\/dk_wp\/index.php?rest_route=\/wp\/v2\/pages\/522\/revisions"}],"predecessor-version":[{"id":1070,"href":"https:\/\/dammkultur.ch\/dk_wp\/index.php?rest_route=\/wp\/v2\/pages\/522\/revisions\/1070"}],"wp:attachment":[{"href":"https:\/\/dammkultur.ch\/dk_wp\/index.php?rest_route=%2Fwp%2Fv2%2Fmedia&parent=522"}],"curies":[{"name":"wp","href":"https:\/\/api.w.org\/{rel}","templated":true}]}}