{"id":514,"date":"2021-02-11T18:29:32","date_gmt":"2021-02-11T18:29:32","guid":{"rendered":"https:\/\/dammkultur.ch\/dk_wp\/?page_id=514"},"modified":"2021-03-03T18:01:24","modified_gmt":"2021-03-03T18:01:24","slug":"winterweizen-2020-21-leuenberghof","status":"publish","type":"page","link":"https:\/\/dammkultur.ch\/dk_wp\/?page_id=514","title":{"rendered":"Winterweizen 2020\/21 Leuenberghof"},"content":{"rendered":"<div id=\"pl-514\"  class=\"panel-layout\" ><div id=\"pg-514-0\"  class=\"panel-grid panel-no-style\" ><div id=\"pgc-514-0-0\"  class=\"panel-grid-cell\" ><div id=\"panel-514-0-0-0\" class=\"so-panel widget_text panel-first-child\" data-index=\"0\" >\t\t\t<div class=\"textwidget\"><div id=\"pg-470-0\" class=\"panel-grid panel-no-style\">\n<div id=\"pgc-470-0-0\" class=\"panel-grid-cell\">\n<div id=\"panel-470-0-0-0\" class=\"so-panel widget_text panel-first-child panel-last-child\" data-index=\"0\">\n<div class=\"textwidget\">\n<div id=\"panel-w602288afeaeea-0-0-0\" class=\"so-panel widget_text panel-first-child\" data-index=\"0\">\n<div class=\"textwidget\">\n<div class=\"entry-content\">\n<p>Winterweizen in Dammkultur.<\/p>\n<p>Vorfrucht:<br \/>\nKunstwiese<\/p>\n<p>Bodenbearbeitung:<br \/>\nIm Herbst Grasnarbe mit Egge (auch mit Dammpflug ohne Zusatzwerkzeug m\u00f6glich) aufgerissen, anschliessend h\u00e4ufeln.<\/p>\n<p>Saat:<br \/>\nIm Fr\u00fchling mittels Dammpflug und aufgebauter Nodet S\u00e4maschine.<\/p>\n<p>Pflege:<br \/>\nnoch keine<\/p>\n<p>D\u00fcngung:<br \/>\nkeine<\/p>\n<\/div>\n<\/div>\n<\/div>\n<\/div>\n<\/div>\n<\/div>\n<\/div>\n<\/div>\n\t\t<\/div><div id=\"panel-514-0-0-1\" class=\"so-panel widget_bwp_gallery bwp_gallery panel-last-child\" data-index=\"1\" ><style id=\"bwg-style-0\">    #bwg_container1_0 #bwg_container2_0 .bwg-container-0.bwg-standard-thumbnails {\n      width: 1004px;\n              justify-content: center;\n        margin:0 auto !important;\n              background-color: rgba(255, 255, 255, 0.00);\n            padding-left: 4px;\n      padding-top: 4px;\n      max-width: 100%;\n            }\n        #bwg_container1_0 #bwg_container2_0 .bwg-container-0.bwg-standard-thumbnails .bwg-item {\n    justify-content: flex-start;\n      max-width: 250px;\n          }\n    #bwg_container1_0 #bwg_container2_0 .bwg-container-0.bwg-standard-thumbnails .bwg-item a {\n       margin-right: 4px;\n       margin-bottom: 4px;\n    }\n    #bwg_container1_0 #bwg_container2_0 .bwg-container-0.bwg-standard-thumbnails .bwg-item0 {\n      padding: 0px;\n            background-color:rgba(0,0,0, 0.30);\n      border: 5px none #FFFFFF;\n      opacity: 1.00;\n      border-radius: 0;\n      box-shadow: ;\n    }\n    #bwg_container1_0 #bwg_container2_0 .bwg-container-0.bwg-standard-thumbnails .bwg-item1 img {\n      max-height: none;\n      max-width: none;\n      padding: 0 !important;\n    }\n         @media only screen and (min-width: 480px) {\n\t\t#bwg_container1_0 #bwg_container2_0 .bwg-container-0.bwg-standard-thumbnails .bwg-item1 img {\n\t\t\t-webkit-transition: all .3s; transition: all .3s;\t\t}\n\t\t#bwg_container1_0 #bwg_container2_0 .bwg-container-0.bwg-standard-thumbnails .bwg-item1 img:hover {\n\t\t\t-ms-transform: scale(1.08);\n\t\t\t-webkit-transform: scale(1.08);\n\t\t\ttransform: scale(1.08);\n\t\t}\n\t\t      }\n\t    #bwg_container1_0 #bwg_container2_0 .bwg-container-0.bwg-standard-thumbnails .bwg-item1 {\n      padding-top: 56%;\n    }\n        #bwg_container1_0 #bwg_container2_0 .bwg-container-0.bwg-standard-thumbnails .bwg-title2,\n    #bwg_container1_0 #bwg_container2_0 .bwg-container-0.bwg-standard-thumbnails .bwg-ecommerce2 {\n      color: #323A45;\n      font-family: Ubuntu;\n      font-size: 16px;\n      font-weight: bold;\n      padding: 5px;\n      text-shadow: ;\n      max-height: 100%;\n    }\n    #bwg_container1_0 #bwg_container2_0 .bwg-container-0.bwg-standard-thumbnails .bwg-thumb-description span {\n    color: #323A45;\n    font-family: Ubuntu;\n    font-size: 12px;\n    max-height: 100%;\n    word-wrap: break-word;\n    }\n    #bwg_container1_0 #bwg_container2_0 .bwg-container-0.bwg-standard-thumbnails .bwg-play-icon2 {\n      font-size: 32px;\n    }\n    #bwg_container1_0 #bwg_container2_0 .bwg-container-0.bwg-standard-thumbnails .bwg-ecommerce2 {\n      font-size: 19.2px;\n      color: #323A45;\n    }\n    <\/style>\n    <div id=\"bwg_container1_0\"\n         class=\"bwg_container bwg_thumbnail bwg_thumbnails \"\n         data-right-click-protection=\"0\"\n         data-bwg=\"0\"\n         data-scroll=\"0\"\n         data-gallery-type=\"thumbnails\"\n         data-gallery-view-type=\"thumbnails\"\n         data-current-url=\"\/dk_wp\/index.php?rest_route=%2Fwp%2Fv2%2Fpages%2F514\"\n         data-lightbox-url=\"https:\/\/dammkultur.ch\/dk_wp\/wp-admin\/admin-ajax.php?action=GalleryBox&#038;current_view=0&#038;gallery_id=2&#038;tag=0&#038;theme_id=2&#038;shortcode_id=0&#038;sort_by=casual&#038;order_by=ASC&#038;current_url=%2Fdk_wp%2Findex.php%3Frest_route%3D%252Fwp%252Fv2%252Fpages%252F514\"\n         data-gallery-id=\"2\"\n         data-popup-width=\"800\"\n         data-popup-height=\"500\"\n         data-is-album=\"gallery\"\n         data-buttons-position=\"bottom\">\n      <div id=\"bwg_container2_0\">\n             <div id=\"ajax_loading_0\" class=\"bwg_loading_div_1\">\n      <div class=\"bwg_loading_div_2\">\n        <div class=\"bwg_loading_div_3\">\n          <div id=\"loading_div_0\" class=\"bwg_spider_ajax_loading\">\n          <\/div>\n        <\/div>\n      <\/div>\n    <\/div>\n            <form id=\"gal_front_form_0\"\n              class=\"bwg-hidden\"              method=\"post\"\n              action=\"#\"\n              data-current=\"0\"\n              data-shortcode-id=\"0\"\n              data-gallery-type=\"thumbnails\"\n              data-gallery-id=\"2\"\n              data-tag=\"0\"\n              data-album-id=\"0\"\n              data-theme-id=\"2\"\n              data-ajax-url=\"https:\/\/dammkultur.ch\/dk_wp\/wp-admin\/admin-ajax.php?action=bwg_frontend_data\">\n          <div id=\"bwg_container3_0\" class=\"bwg-background bwg-background-0\">\n                <div data-max-count=\"4\"\n         data-thumbnail-width=\"250\"\n         data-bwg=\"0\"\n         data-gallery-id=\"2\"\n         data-lightbox-url=\"https:\/\/dammkultur.ch\/dk_wp\/wp-admin\/admin-ajax.php?action=GalleryBox&amp;current_view=0&amp;gallery_id=2&amp;tag=0&amp;theme_id=2&amp;shortcode_id=0&amp;sort_by=casual&amp;order_by=ASC&amp;current_url=%2Fdk_wp%2Findex.php%3Frest_route%3D%252Fwp%252Fv2%252Fpages%252F514\"\n         id=\"bwg_thumbnails_0\"\n         class=\"bwg-container-0 bwg-thumbnails bwg-standard-thumbnails bwg-container bwg-border-box\">\n            <div class=\"bwg-item\">\n        <a class=\"bwg-a  bwg_lightbox\"  data-image-id=\"6\" href=\"https:\/\/dammkultur.ch\/dk_wp\/wp-content\/uploads\/photo-gallery\/imported_from_media_libray\/20201208_104916.jpg?bwg=1614451002\" data-elementor-open-lightbox=\"no\">\n                <div class=\"bwg-item0 \">\n          <div class=\"bwg-item1 \">\n            <div class=\"bwg-item2\">\n              <img decoding=\"async\" class=\"skip-lazy bwg_standart_thumb_img_0 \"\n                   data-id=\"6\"\n                   data-width=\"500\"\n                   data-height=\"375\"\n                   data-src=\"https:\/\/dammkultur.ch\/dk_wp\/wp-content\/uploads\/photo-gallery\/imported_from_media_libray\/thumb\/20201208_104916.jpg?bwg=1614451002\"\n                   src=\"https:\/\/dammkultur.ch\/dk_wp\/wp-content\/uploads\/photo-gallery\/imported_from_media_libray\/thumb\/20201208_104916.jpg?bwg=1614451002\"\n                   alt=\"\"\n                   title=\"\" \/>\n            <\/div>\n            <div class=\"\">\n                                                      <\/div>\n          <\/div>\n        <\/div>\n                        <\/a>\n              <\/div>\n            <div class=\"bwg-item\">\n        <a class=\"bwg-a  bwg_lightbox\"  data-image-id=\"62\" href=\"https:\/\/dammkultur.ch\/dk_wp\/wp-content\/uploads\/photo-gallery\/imported_from_media_libray\/20210713_133937.jpg?bwg=1633950644\" data-elementor-open-lightbox=\"no\">\n                <div class=\"bwg-item0 \">\n          <div class=\"bwg-item1 \">\n            <div class=\"bwg-item2\">\n              <img decoding=\"async\" class=\"skip-lazy bwg_standart_thumb_img_0 \"\n                   data-id=\"62\"\n                   data-width=\"500\"\n                   data-height=\"375\"\n                   data-src=\"https:\/\/dammkultur.ch\/dk_wp\/wp-content\/uploads\/photo-gallery\/imported_from_media_libray\/thumb\/20210713_133937.jpg?bwg=1633950644\"\n                   src=\"https:\/\/dammkultur.ch\/dk_wp\/wp-content\/uploads\/photo-gallery\/imported_from_media_libray\/thumb\/20210713_133937.jpg?bwg=1633950644\"\n                   alt=\"20210713_133937\"\n                   title=\"20210713_133937\" \/>\n            <\/div>\n            <div class=\"\">\n                                                      <\/div>\n          <\/div>\n        <\/div>\n                        <\/a>\n              <\/div>\n            <div class=\"bwg-item\">\n        <a class=\"bwg-a  bwg_lightbox\"  data-image-id=\"59\" href=\"https:\/\/dammkultur.ch\/dk_wp\/wp-content\/uploads\/photo-gallery\/imported_from_media_libray\/20210821_132331.jpg?bwg=1633950644\" data-elementor-open-lightbox=\"no\">\n                <div class=\"bwg-item0 \">\n          <div class=\"bwg-item1 \">\n            <div class=\"bwg-item2\">\n              <img decoding=\"async\" class=\"skip-lazy bwg_standart_thumb_img_0 \"\n                   data-id=\"59\"\n                   data-width=\"500\"\n                   data-height=\"375\"\n                   data-src=\"https:\/\/dammkultur.ch\/dk_wp\/wp-content\/uploads\/photo-gallery\/imported_from_media_libray\/thumb\/20210821_132331.jpg?bwg=1633950644\"\n                   src=\"https:\/\/dammkultur.ch\/dk_wp\/wp-content\/uploads\/photo-gallery\/imported_from_media_libray\/thumb\/20210821_132331.jpg?bwg=1633950644\"\n                   alt=\"20210821_132331\"\n                   title=\"20210821_132331\" \/>\n            <\/div>\n            <div class=\"\">\n                                                      <\/div>\n          <\/div>\n        <\/div>\n                        <\/a>\n              <\/div>\n            <div class=\"bwg-item\">\n        <a class=\"bwg-a  bwg_lightbox\"  data-image-id=\"61\" href=\"https:\/\/dammkultur.ch\/dk_wp\/wp-content\/uploads\/photo-gallery\/imported_from_media_libray\/20210718_174312.jpg?bwg=1633950644\" data-elementor-open-lightbox=\"no\">\n                <div class=\"bwg-item0 \">\n          <div class=\"bwg-item1 \">\n            <div class=\"bwg-item2\">\n              <img decoding=\"async\" class=\"skip-lazy bwg_standart_thumb_img_0 \"\n                   data-id=\"61\"\n                   data-width=\"500\"\n                   data-height=\"375\"\n                   data-src=\"https:\/\/dammkultur.ch\/dk_wp\/wp-content\/uploads\/photo-gallery\/imported_from_media_libray\/thumb\/20210718_174312.jpg?bwg=1633950644\"\n                   src=\"https:\/\/dammkultur.ch\/dk_wp\/wp-content\/uploads\/photo-gallery\/imported_from_media_libray\/thumb\/20210718_174312.jpg?bwg=1633950644\"\n                   alt=\"20210718_174312\"\n                   title=\"20210718_174312\" \/>\n            <\/div>\n            <div class=\"\">\n                                                      <\/div>\n          <\/div>\n        <\/div>\n                        <\/a>\n              <\/div>\n          <\/div>\n              <\/div>\n        <\/form>\n        <style>          #bwg_container1_0 #bwg_container2_0 #spider_popup_overlay_0 {\n          background-color: #000000;\n          opacity: 0.70;\n          }\n          <\/style>        <div id=\"bwg_spider_popup_loading_0\" class=\"bwg_spider_popup_loading\"><\/div>\n        <div id=\"spider_popup_overlay_0\" class=\"spider_popup_overlay\" onclick=\"spider_destroypopup(1000)\"><\/div>\n        <input type=\"hidden\" id=\"bwg_random_seed_0\" value=\"1450075875\">\n                <\/div>\n    <\/div>\n    <script>\n      if (document.readyState === 'complete') {\n        if( typeof bwg_main_ready == 'function' ) {\n          if ( jQuery(\"#bwg_container1_0\").height() ) {\n            bwg_main_ready(jQuery(\"#bwg_container1_0\"));\n          }\n        }\n      } else {\n        document.addEventListener('DOMContentLoaded', function() {\n          if( typeof bwg_main_ready == 'function' ) {\n            if ( jQuery(\"#bwg_container1_0\").height() ) {\n             bwg_main_ready(jQuery(\"#bwg_container1_0\"));\n            }\n          }\n        });\n      }\n    <\/script>\n    <\/div><\/div><\/div><\/div>","protected":false},"excerpt":{"rendered":"<p>Winterweizen in Dammkultur. Vorfrucht: Kunstwiese Bodenbearbeitung: Im Herbst Grasnarbe mit Egge (auch mit Dammpflug ohne Zusatzwerkzeug m\u00f6glich) aufgerissen, anschliessend h\u00e4ufeln. Saat: Im Fr\u00fchling mittels Dammpflug und aufgebauter Nodet S\u00e4maschine. Pflege: noch keine D\u00fcngung: keine<\/p>\n","protected":false},"author":1,"featured_media":0,"parent":0,"menu_order":0,"comment_status":"closed","ping_status":"closed","template":"","meta":{"footnotes":""},"class_list":["post-514","page","type-page","status-publish","hentry"],"yoast_head":"<!-- This site is optimized with the Yoast SEO plugin v25.1 - https:\/\/yoast.com\/wordpress\/plugins\/seo\/ -->\n<title>Winterweizen 2020\/21 Leuenberghof - Dammkultur<\/title>\n<meta name=\"robots\" content=\"index, follow, max-snippet:-1, max-image-preview:large, max-video-preview:-1\" \/>\n<link rel=\"canonical\" href=\"https:\/\/dammkultur.ch\/dk_wp\/?page_id=514\" \/>\n<meta property=\"og:locale\" content=\"de_DE\" \/>\n<meta property=\"og:type\" content=\"article\" \/>\n<meta property=\"og:title\" content=\"Winterweizen 2020\/21 Leuenberghof - Dammkultur\" \/>\n<meta property=\"og:description\" content=\"Winterweizen in Dammkultur. Vorfrucht: Kunstwiese Bodenbearbeitung: Im Herbst Grasnarbe mit Egge (auch mit Dammpflug ohne Zusatzwerkzeug m\u00f6glich) aufgerissen, anschliessend h\u00e4ufeln. Saat: Im Fr\u00fchling mittels Dammpflug und aufgebauter Nodet S\u00e4maschine. Pflege: noch keine D\u00fcngung: keine\" \/>\n<meta property=\"og:url\" content=\"https:\/\/dammkultur.ch\/dk_wp\/?page_id=514\" \/>\n<meta property=\"og:site_name\" content=\"Dammkultur\" \/>\n<meta property=\"article:modified_time\" content=\"2021-03-03T18:01:24+00:00\" \/>\n<meta name=\"twitter:card\" content=\"summary_large_image\" \/>\n<script type=\"application\/ld+json\" class=\"yoast-schema-graph\">{\"@context\":\"https:\/\/schema.org\",\"@graph\":[{\"@type\":\"WebPage\",\"@id\":\"https:\/\/dammkultur.ch\/dk_wp\/?page_id=514\",\"url\":\"https:\/\/dammkultur.ch\/dk_wp\/?page_id=514\",\"name\":\"Winterweizen 2020\/21 Leuenberghof - Dammkultur\",\"isPartOf\":{\"@id\":\"https:\/\/dammkultur.ch\/dk_wp\/#website\"},\"datePublished\":\"2021-02-11T18:29:32+00:00\",\"dateModified\":\"2021-03-03T18:01:24+00:00\",\"breadcrumb\":{\"@id\":\"https:\/\/dammkultur.ch\/dk_wp\/?page_id=514#breadcrumb\"},\"inLanguage\":\"de\",\"potentialAction\":[{\"@type\":\"ReadAction\",\"target\":[\"https:\/\/dammkultur.ch\/dk_wp\/?page_id=514\"]}]},{\"@type\":\"BreadcrumbList\",\"@id\":\"https:\/\/dammkultur.ch\/dk_wp\/?page_id=514#breadcrumb\",\"itemListElement\":[{\"@type\":\"ListItem\",\"position\":1,\"name\":\"Home\",\"item\":\"https:\/\/dammkultur.ch\/dk_wp\/\"},{\"@type\":\"ListItem\",\"position\":2,\"name\":\"Winterweizen 2020\/21 Leuenberghof\"}]},{\"@type\":\"WebSite\",\"@id\":\"https:\/\/dammkultur.ch\/dk_wp\/#website\",\"url\":\"https:\/\/dammkultur.ch\/dk_wp\/\",\"name\":\"Dammkultur\",\"description\":\"\",\"potentialAction\":[{\"@type\":\"SearchAction\",\"target\":{\"@type\":\"EntryPoint\",\"urlTemplate\":\"https:\/\/dammkultur.ch\/dk_wp\/?s={search_term_string}\"},\"query-input\":{\"@type\":\"PropertyValueSpecification\",\"valueRequired\":true,\"valueName\":\"search_term_string\"}}],\"inLanguage\":\"de\"}]}<\/script>\n<!-- \/ Yoast SEO plugin. -->","yoast_head_json":{"title":"Winterweizen 2020\/21 Leuenberghof - Dammkultur","robots":{"index":"index","follow":"follow","max-snippet":"max-snippet:-1","max-image-preview":"max-image-preview:large","max-video-preview":"max-video-preview:-1"},"canonical":"https:\/\/dammkultur.ch\/dk_wp\/?page_id=514","og_locale":"de_DE","og_type":"article","og_title":"Winterweizen 2020\/21 Leuenberghof - Dammkultur","og_description":"Winterweizen in Dammkultur. Vorfrucht: Kunstwiese Bodenbearbeitung: Im Herbst Grasnarbe mit Egge (auch mit Dammpflug ohne Zusatzwerkzeug m\u00f6glich) aufgerissen, anschliessend h\u00e4ufeln. Saat: Im Fr\u00fchling mittels Dammpflug und aufgebauter Nodet S\u00e4maschine. Pflege: noch keine D\u00fcngung: keine","og_url":"https:\/\/dammkultur.ch\/dk_wp\/?page_id=514","og_site_name":"Dammkultur","article_modified_time":"2021-03-03T18:01:24+00:00","twitter_card":"summary_large_image","schema":{"@context":"https:\/\/schema.org","@graph":[{"@type":"WebPage","@id":"https:\/\/dammkultur.ch\/dk_wp\/?page_id=514","url":"https:\/\/dammkultur.ch\/dk_wp\/?page_id=514","name":"Winterweizen 2020\/21 Leuenberghof - Dammkultur","isPartOf":{"@id":"https:\/\/dammkultur.ch\/dk_wp\/#website"},"datePublished":"2021-02-11T18:29:32+00:00","dateModified":"2021-03-03T18:01:24+00:00","breadcrumb":{"@id":"https:\/\/dammkultur.ch\/dk_wp\/?page_id=514#breadcrumb"},"inLanguage":"de","potentialAction":[{"@type":"ReadAction","target":["https:\/\/dammkultur.ch\/dk_wp\/?page_id=514"]}]},{"@type":"BreadcrumbList","@id":"https:\/\/dammkultur.ch\/dk_wp\/?page_id=514#breadcrumb","itemListElement":[{"@type":"ListItem","position":1,"name":"Home","item":"https:\/\/dammkultur.ch\/dk_wp\/"},{"@type":"ListItem","position":2,"name":"Winterweizen 2020\/21 Leuenberghof"}]},{"@type":"WebSite","@id":"https:\/\/dammkultur.ch\/dk_wp\/#website","url":"https:\/\/dammkultur.ch\/dk_wp\/","name":"Dammkultur","description":"","potentialAction":[{"@type":"SearchAction","target":{"@type":"EntryPoint","urlTemplate":"https:\/\/dammkultur.ch\/dk_wp\/?s={search_term_string}"},"query-input":{"@type":"PropertyValueSpecification","valueRequired":true,"valueName":"search_term_string"}}],"inLanguage":"de"}]}},"jetpack_sharing_enabled":true,"_links":{"self":[{"href":"https:\/\/dammkultur.ch\/dk_wp\/index.php?rest_route=\/wp\/v2\/pages\/514","targetHints":{"allow":["GET"]}}],"collection":[{"href":"https:\/\/dammkultur.ch\/dk_wp\/index.php?rest_route=\/wp\/v2\/pages"}],"about":[{"href":"https:\/\/dammkultur.ch\/dk_wp\/index.php?rest_route=\/wp\/v2\/types\/page"}],"author":[{"embeddable":true,"href":"https:\/\/dammkultur.ch\/dk_wp\/index.php?rest_route=\/wp\/v2\/users\/1"}],"replies":[{"embeddable":true,"href":"https:\/\/dammkultur.ch\/dk_wp\/index.php?rest_route=%2Fwp%2Fv2%2Fcomments&post=514"}],"version-history":[{"count":11,"href":"https:\/\/dammkultur.ch\/dk_wp\/index.php?rest_route=\/wp\/v2\/pages\/514\/revisions"}],"predecessor-version":[{"id":644,"href":"https:\/\/dammkultur.ch\/dk_wp\/index.php?rest_route=\/wp\/v2\/pages\/514\/revisions\/644"}],"wp:attachment":[{"href":"https:\/\/dammkultur.ch\/dk_wp\/index.php?rest_route=%2Fwp%2Fv2%2Fmedia&parent=514"}],"curies":[{"name":"wp","href":"https:\/\/api.w.org\/{rel}","templated":true}]}}