{"id":36,"date":"2019-09-24T12:56:43","date_gmt":"2019-09-24T12:56:43","guid":{"rendered":"https:\/\/dammkultur.ch\/dk_wp\/?page_id=36"},"modified":"2022-10-28T19:06:57","modified_gmt":"2022-10-28T19:06:57","slug":"mykorrhiza-ton-humus-komplex","status":"publish","type":"page","link":"https:\/\/dammkultur.ch\/dk_wp\/?page_id=36","title":{"rendered":"Mykorrhiza \/ Ton-Humus-Komplex"},"content":{"rendered":"\n<h3 class=\"wp-block-heading\">Ton-Humus-Komplex (THK)<\/h3>\n\n\n\n<p>Der THK ist wichtig um die Bodenfruchtbarkeit zu erh\u00f6hen. Seine kr\u00fcmelige Struktur verleiht dem Boden Stabilit\u00e4t gegen\u00fcber Erosion und Verschl\u00e4mmung. Die Bildung des THK kann nur durch starke Aktivit\u00e4t des Bodenlebewesens stattfinden, und das Bodenleben kann wiederum nur in aeroben Zonen (Sauerstoff enthaltene Schicht) stattfinden.<\/p>\n\n\n\n<p>Eine zu starke Bodenbearbeitung, vor allem durch Zapfwellen getriebene Ger\u00e4te f\u00fchrt zum Zerfall der Kr\u00fcmelstruktur (Boden tot fr\u00e4sen).<\/p>\n\n\n\n<p> Quelle:  <a href=\"https:\/\/de.wikipedia.org\/wiki\/Ton-Humus-Komplex\"> https:\/\/de.wikipedia.org\/wiki\/Ton-Humus-Komplex<\/a> <\/p>\n\n\n\n<p><\/p>\n\n\n\n<h3 class=\"wp-block-heading\">Mykorrhiza<\/h3>\n\n\n\n<p>Mykorrhiza ist eine Pilzart, die in Kontakt mit dem Feinwurzelsystem der Kulturpflanze steht.<\/p>\n\n\n\n<figure class=\"wp-block-image is-resized\"><img loading=\"lazy\" decoding=\"async\" src=\"https:\/\/dammkultur.ch\/dk_wp\/wp-content\/uploads\/2019\/09\/Mycorrhizal_root_tips_amanita-1.jpg\" alt=\"\" class=\"wp-image-75\" width=\"243\" height=\"181\" srcset=\"https:\/\/dammkultur.ch\/dk_wp\/wp-content\/uploads\/2019\/09\/Mycorrhizal_root_tips_amanita-1.jpg 600w, https:\/\/dammkultur.ch\/dk_wp\/wp-content\/uploads\/2019\/09\/Mycorrhizal_root_tips_amanita-1-300x223.jpg 300w\" sizes=\"auto, (max-width: 243px) 85vw, 243px\" \/><figcaption>Von Ellen Larsson &#8211; R. Henrik Nilsson, Erik Kristiansson, Martin Ryberg, Karl-Henrik Larsson (2005). &#8222;Approaching the taxonomic affiliation of unidentified sequences in public databases \u2013 an example from the mycorrhizal fungi&#8220;. BMC Bioinformatics 6: 178. DOI:10.1186\/1471-2105-6-178., CC BY 2.5, https:\/\/commons.wikimedia.org\/w\/index.php?curid=459872<\/figcaption><\/figure>\n\n\n\n<p>Die  Mykorrhiza-Pilzen ern\u00e4hren sich durch die in der Photosynthese erzeugten Assimilate der Kulturpflanzen, im Gegenzug liefern sie f\u00fcr die Kulturpflanze wichtige N\u00e4hrsalze und Wasser.<\/p>\n\n\n\n<p>Die Mykorrhiza-Pilzen verm\u00f6gen im Vergleich zur Kulturpflanze erheblich mehr Mineralstoffe und Wasser aus dem Boden zu l\u00f6sen.<\/p>\n\n\n\n<p>Die Stickstoff- und Phosphatversorgung der Kulturpflanze wird verbessert. Die  Mykorrhiza-Pilzen sind ebenso in der Lage der Kulturpflanze einen gewissen Schutz vor Sch\u00e4dlinge (z.B. Blattl\u00e4use) und Pilzinfektionen zu bieten.<\/p>\n\n\n\n<p>Um die  Mykorrhiza-Pilzen zu f\u00f6rdern muss wiederum die lebendige Schicht (aerobe Zone) im Boden gef\u00f6rdert werden, dies kann sehr gut mit dem H\u00e4ufelpflug gemacht werden.<\/p>\n\n\n\n<p>  Quelle:   <a href=\"https:\/\/de.wikipedia.org\/wiki\/Mykorrhiza\">https:\/\/de.wikipedia.org\/wiki\/Mykorrhiza <\/a><\/p>\n\n\n\n<p>Hier ein sch\u00f6nes Foto welches mir ein Kunde zugesendet hat das eindrucksvoll die Symbiose der Mykorrhiza mit den Wurzeln zeigt.<\/p>\n\n\n\n<figure class=\"wp-block-image size-large\"><img loading=\"lazy\" decoding=\"async\" width=\"576\" height=\"1024\" src=\"https:\/\/dammkultur.ch\/dk_wp\/wp-content\/uploads\/2022\/10\/IMG-20221023-WA0005-576x1024.jpg\" alt=\"\" class=\"wp-image-951\" srcset=\"https:\/\/dammkultur.ch\/dk_wp\/wp-content\/uploads\/2022\/10\/IMG-20221023-WA0005-576x1024.jpg 576w, https:\/\/dammkultur.ch\/dk_wp\/wp-content\/uploads\/2022\/10\/IMG-20221023-WA0005-169x300.jpg 169w, https:\/\/dammkultur.ch\/dk_wp\/wp-content\/uploads\/2022\/10\/IMG-20221023-WA0005-768x1365.jpg 768w, https:\/\/dammkultur.ch\/dk_wp\/wp-content\/uploads\/2022\/10\/IMG-20221023-WA0005-864x1536.jpg 864w, https:\/\/dammkultur.ch\/dk_wp\/wp-content\/uploads\/2022\/10\/IMG-20221023-WA0005.jpg 1152w\" sizes=\"auto, (max-width: 576px) 85vw, 576px\" \/><\/figure>\n","protected":false},"excerpt":{"rendered":"<p>Ton-Humus-Komplex (THK) Der THK ist wichtig um die Bodenfruchtbarkeit zu erh\u00f6hen. Seine kr\u00fcmelige Struktur verleiht dem Boden Stabilit\u00e4t gegen\u00fcber Erosion und Verschl\u00e4mmung. Die Bildung des THK kann nur durch starke Aktivit\u00e4t des Bodenlebewesens stattfinden, und das Bodenleben kann wiederum nur in aeroben Zonen (Sauerstoff enthaltene Schicht) stattfinden. Eine zu starke Bodenbearbeitung, vor allem durch Zapfwellen &hellip; <a href=\"https:\/\/dammkultur.ch\/dk_wp\/?page_id=36\" class=\"more-link\"><span class=\"screen-reader-text\">\u201eMykorrhiza \/ Ton-Humus-Komplex\u201c<\/span> weiterlesen<\/a><\/p>\n","protected":false},"author":1,"featured_media":0,"parent":0,"menu_order":0,"comment_status":"closed","ping_status":"closed","template":"","meta":{"footnotes":""},"class_list":["post-36","page","type-page","status-publish","hentry"],"yoast_head":"<!-- This site is optimized with the Yoast SEO plugin v25.1 - https:\/\/yoast.com\/wordpress\/plugins\/seo\/ -->\n<title>Mykorrhiza \/ Ton-Humus-Komplex - Dammkultur<\/title>\n<meta name=\"robots\" content=\"index, follow, max-snippet:-1, max-image-preview:large, max-video-preview:-1\" \/>\n<link rel=\"canonical\" href=\"https:\/\/dammkultur.ch\/dk_wp\/?page_id=36\" \/>\n<meta property=\"og:locale\" content=\"de_DE\" \/>\n<meta property=\"og:type\" content=\"article\" \/>\n<meta property=\"og:title\" content=\"Mykorrhiza \/ Ton-Humus-Komplex - Dammkultur\" \/>\n<meta property=\"og:description\" content=\"Ton-Humus-Komplex (THK) Der THK ist wichtig um die Bodenfruchtbarkeit zu erh\u00f6hen. Seine kr\u00fcmelige Struktur verleiht dem Boden Stabilit\u00e4t gegen\u00fcber Erosion und Verschl\u00e4mmung. Die Bildung des THK kann nur durch starke Aktivit\u00e4t des Bodenlebewesens stattfinden, und das Bodenleben kann wiederum nur in aeroben Zonen (Sauerstoff enthaltene Schicht) stattfinden. Eine zu starke Bodenbearbeitung, vor allem durch Zapfwellen &hellip; \u201eMykorrhiza \/ Ton-Humus-Komplex\u201c weiterlesen\" \/>\n<meta property=\"og:url\" content=\"https:\/\/dammkultur.ch\/dk_wp\/?page_id=36\" \/>\n<meta property=\"og:site_name\" content=\"Dammkultur\" \/>\n<meta property=\"article:modified_time\" content=\"2022-10-28T19:06:57+00:00\" \/>\n<meta property=\"og:image\" content=\"https:\/\/dammkultur.ch\/dk_wp\/wp-content\/uploads\/2019\/09\/Mycorrhizal_root_tips_amanita-1.jpg\" \/>\n<meta name=\"twitter:card\" content=\"summary_large_image\" \/>\n<meta name=\"twitter:label1\" content=\"Gesch\u00e4tzte Lesezeit\" \/>\n\t<meta name=\"twitter:data1\" content=\"2\u00a0Minuten\" \/>\n<script type=\"application\/ld+json\" class=\"yoast-schema-graph\">{\"@context\":\"https:\/\/schema.org\",\"@graph\":[{\"@type\":\"WebPage\",\"@id\":\"https:\/\/dammkultur.ch\/dk_wp\/?page_id=36\",\"url\":\"https:\/\/dammkultur.ch\/dk_wp\/?page_id=36\",\"name\":\"Mykorrhiza \/ Ton-Humus-Komplex - Dammkultur\",\"isPartOf\":{\"@id\":\"https:\/\/dammkultur.ch\/dk_wp\/#website\"},\"primaryImageOfPage\":{\"@id\":\"https:\/\/dammkultur.ch\/dk_wp\/?page_id=36#primaryimage\"},\"image\":{\"@id\":\"https:\/\/dammkultur.ch\/dk_wp\/?page_id=36#primaryimage\"},\"thumbnailUrl\":\"https:\/\/dammkultur.ch\/dk_wp\/wp-content\/uploads\/2019\/09\/Mycorrhizal_root_tips_amanita-1.jpg\",\"datePublished\":\"2019-09-24T12:56:43+00:00\",\"dateModified\":\"2022-10-28T19:06:57+00:00\",\"breadcrumb\":{\"@id\":\"https:\/\/dammkultur.ch\/dk_wp\/?page_id=36#breadcrumb\"},\"inLanguage\":\"de\",\"potentialAction\":[{\"@type\":\"ReadAction\",\"target\":[\"https:\/\/dammkultur.ch\/dk_wp\/?page_id=36\"]}]},{\"@type\":\"ImageObject\",\"inLanguage\":\"de\",\"@id\":\"https:\/\/dammkultur.ch\/dk_wp\/?page_id=36#primaryimage\",\"url\":\"https:\/\/dammkultur.ch\/dk_wp\/wp-content\/uploads\/2019\/09\/Mycorrhizal_root_tips_amanita-1.jpg\",\"contentUrl\":\"https:\/\/dammkultur.ch\/dk_wp\/wp-content\/uploads\/2019\/09\/Mycorrhizal_root_tips_amanita-1.jpg\",\"width\":600,\"height\":446},{\"@type\":\"BreadcrumbList\",\"@id\":\"https:\/\/dammkultur.ch\/dk_wp\/?page_id=36#breadcrumb\",\"itemListElement\":[{\"@type\":\"ListItem\",\"position\":1,\"name\":\"Home\",\"item\":\"https:\/\/dammkultur.ch\/dk_wp\/\"},{\"@type\":\"ListItem\",\"position\":2,\"name\":\"Mykorrhiza \/ Ton-Humus-Komplex\"}]},{\"@type\":\"WebSite\",\"@id\":\"https:\/\/dammkultur.ch\/dk_wp\/#website\",\"url\":\"https:\/\/dammkultur.ch\/dk_wp\/\",\"name\":\"Dammkultur\",\"description\":\"\",\"potentialAction\":[{\"@type\":\"SearchAction\",\"target\":{\"@type\":\"EntryPoint\",\"urlTemplate\":\"https:\/\/dammkultur.ch\/dk_wp\/?s={search_term_string}\"},\"query-input\":{\"@type\":\"PropertyValueSpecification\",\"valueRequired\":true,\"valueName\":\"search_term_string\"}}],\"inLanguage\":\"de\"}]}<\/script>\n<!-- \/ Yoast SEO plugin. -->","yoast_head_json":{"title":"Mykorrhiza \/ Ton-Humus-Komplex - Dammkultur","robots":{"index":"index","follow":"follow","max-snippet":"max-snippet:-1","max-image-preview":"max-image-preview:large","max-video-preview":"max-video-preview:-1"},"canonical":"https:\/\/dammkultur.ch\/dk_wp\/?page_id=36","og_locale":"de_DE","og_type":"article","og_title":"Mykorrhiza \/ Ton-Humus-Komplex - Dammkultur","og_description":"Ton-Humus-Komplex (THK) Der THK ist wichtig um die Bodenfruchtbarkeit zu erh\u00f6hen. Seine kr\u00fcmelige Struktur verleiht dem Boden Stabilit\u00e4t gegen\u00fcber Erosion und Verschl\u00e4mmung. Die Bildung des THK kann nur durch starke Aktivit\u00e4t des Bodenlebewesens stattfinden, und das Bodenleben kann wiederum nur in aeroben Zonen (Sauerstoff enthaltene Schicht) stattfinden. Eine zu starke Bodenbearbeitung, vor allem durch Zapfwellen &hellip; \u201eMykorrhiza \/ Ton-Humus-Komplex\u201c weiterlesen","og_url":"https:\/\/dammkultur.ch\/dk_wp\/?page_id=36","og_site_name":"Dammkultur","article_modified_time":"2022-10-28T19:06:57+00:00","og_image":[{"url":"https:\/\/dammkultur.ch\/dk_wp\/wp-content\/uploads\/2019\/09\/Mycorrhizal_root_tips_amanita-1.jpg","type":"","width":"","height":""}],"twitter_card":"summary_large_image","twitter_misc":{"Gesch\u00e4tzte Lesezeit":"2\u00a0Minuten"},"schema":{"@context":"https:\/\/schema.org","@graph":[{"@type":"WebPage","@id":"https:\/\/dammkultur.ch\/dk_wp\/?page_id=36","url":"https:\/\/dammkultur.ch\/dk_wp\/?page_id=36","name":"Mykorrhiza \/ Ton-Humus-Komplex - Dammkultur","isPartOf":{"@id":"https:\/\/dammkultur.ch\/dk_wp\/#website"},"primaryImageOfPage":{"@id":"https:\/\/dammkultur.ch\/dk_wp\/?page_id=36#primaryimage"},"image":{"@id":"https:\/\/dammkultur.ch\/dk_wp\/?page_id=36#primaryimage"},"thumbnailUrl":"https:\/\/dammkultur.ch\/dk_wp\/wp-content\/uploads\/2019\/09\/Mycorrhizal_root_tips_amanita-1.jpg","datePublished":"2019-09-24T12:56:43+00:00","dateModified":"2022-10-28T19:06:57+00:00","breadcrumb":{"@id":"https:\/\/dammkultur.ch\/dk_wp\/?page_id=36#breadcrumb"},"inLanguage":"de","potentialAction":[{"@type":"ReadAction","target":["https:\/\/dammkultur.ch\/dk_wp\/?page_id=36"]}]},{"@type":"ImageObject","inLanguage":"de","@id":"https:\/\/dammkultur.ch\/dk_wp\/?page_id=36#primaryimage","url":"https:\/\/dammkultur.ch\/dk_wp\/wp-content\/uploads\/2019\/09\/Mycorrhizal_root_tips_amanita-1.jpg","contentUrl":"https:\/\/dammkultur.ch\/dk_wp\/wp-content\/uploads\/2019\/09\/Mycorrhizal_root_tips_amanita-1.jpg","width":600,"height":446},{"@type":"BreadcrumbList","@id":"https:\/\/dammkultur.ch\/dk_wp\/?page_id=36#breadcrumb","itemListElement":[{"@type":"ListItem","position":1,"name":"Home","item":"https:\/\/dammkultur.ch\/dk_wp\/"},{"@type":"ListItem","position":2,"name":"Mykorrhiza \/ Ton-Humus-Komplex"}]},{"@type":"WebSite","@id":"https:\/\/dammkultur.ch\/dk_wp\/#website","url":"https:\/\/dammkultur.ch\/dk_wp\/","name":"Dammkultur","description":"","potentialAction":[{"@type":"SearchAction","target":{"@type":"EntryPoint","urlTemplate":"https:\/\/dammkultur.ch\/dk_wp\/?s={search_term_string}"},"query-input":{"@type":"PropertyValueSpecification","valueRequired":true,"valueName":"search_term_string"}}],"inLanguage":"de"}]}},"jetpack_sharing_enabled":true,"_links":{"self":[{"href":"https:\/\/dammkultur.ch\/dk_wp\/index.php?rest_route=\/wp\/v2\/pages\/36","targetHints":{"allow":["GET"]}}],"collection":[{"href":"https:\/\/dammkultur.ch\/dk_wp\/index.php?rest_route=\/wp\/v2\/pages"}],"about":[{"href":"https:\/\/dammkultur.ch\/dk_wp\/index.php?rest_route=\/wp\/v2\/types\/page"}],"author":[{"embeddable":true,"href":"https:\/\/dammkultur.ch\/dk_wp\/index.php?rest_route=\/wp\/v2\/users\/1"}],"replies":[{"embeddable":true,"href":"https:\/\/dammkultur.ch\/dk_wp\/index.php?rest_route=%2Fwp%2Fv2%2Fcomments&post=36"}],"version-history":[{"count":14,"href":"https:\/\/dammkultur.ch\/dk_wp\/index.php?rest_route=\/wp\/v2\/pages\/36\/revisions"}],"predecessor-version":[{"id":953,"href":"https:\/\/dammkultur.ch\/dk_wp\/index.php?rest_route=\/wp\/v2\/pages\/36\/revisions\/953"}],"wp:attachment":[{"href":"https:\/\/dammkultur.ch\/dk_wp\/index.php?rest_route=%2Fwp%2Fv2%2Fmedia&parent=36"}],"curies":[{"name":"wp","href":"https:\/\/api.w.org\/{rel}","templated":true}]}}