{"id":1074,"date":"2025-05-26T16:26:18","date_gmt":"2025-05-26T16:26:18","guid":{"rendered":"https:\/\/dammkultur.ch\/dk_wp\/?page_id=1074"},"modified":"2025-05-26T16:26:19","modified_gmt":"2025-05-26T16:26:19","slug":"startseite-2","status":"publish","type":"page","link":"https:\/\/dammkultur.ch\/dk_wp\/","title":{"rendered":"Startseite"},"content":{"rendered":"\n<p>Dammkultur die Zukunftsorientierte (Enkel taugliche) Bodenbearbeitung, ohne Glyphosat und Bildung einer Pflugsohle.<\/p>\n\n\n\n<p><strong>Swiss Made<\/strong> zu fairen Preisen.<\/p>\n\n\n\n<p>Der Dammpflug NG350 erm\u00f6glicht es auch kleineren ebenso wie grossen Betrieben die Bodenbearbeitung wieder kosteng\u00fcnstig selber zu erledigen, denn mit dieser Maschine k\u00f6nnen sie die Grundbodenbearbeitung, die Saat und auch die Pflege erledigen.<\/p>\n\n\n\n<p>&#8222;Smart Farming ohne teure Maschinen, Roboter und GPS&#8220;<\/p>\n\n\n\n<p>Der Dammpflug auch mit Nonstop Steinsicherung!<\/p>\n\n\n\n<figure class=\"wp-block-image size-large is-resized is-style-default\"><img loading=\"lazy\" decoding=\"async\" width=\"1024\" height=\"768\" src=\"https:\/\/dammkultur.ch\/dk_wp\/wp-content\/uploads\/2025\/05\/NG350_m_Saetank-1024x768.jpg\" alt=\"\" class=\"wp-image-1076\" style=\"width:629px\" srcset=\"https:\/\/dammkultur.ch\/dk_wp\/wp-content\/uploads\/2025\/05\/NG350_m_Saetank-1024x768.jpg 1024w, https:\/\/dammkultur.ch\/dk_wp\/wp-content\/uploads\/2025\/05\/NG350_m_Saetank-300x225.jpg 300w, https:\/\/dammkultur.ch\/dk_wp\/wp-content\/uploads\/2025\/05\/NG350_m_Saetank-768x576.jpg 768w, https:\/\/dammkultur.ch\/dk_wp\/wp-content\/uploads\/2025\/05\/NG350_m_Saetank.jpg 1200w\" sizes=\"auto, (max-width: 709px) 85vw, (max-width: 909px) 67vw, (max-width: 1362px) 62vw, 840px\" \/><figcaption class=\"wp-element-caption\">Dammpflug NG350 mit S\u00e4aufbau<\/figcaption><\/figure>\n\n\n\n<figure class=\"wp-block-image size-large is-resized\"><img loading=\"lazy\" decoding=\"async\" width=\"1024\" height=\"768\" src=\"https:\/\/dammkultur.ch\/dk_wp\/wp-content\/uploads\/2025\/05\/NG350_m_Saetank_hinten-1024x768.jpg\" alt=\"\" class=\"wp-image-1077\" style=\"width:629px\" srcset=\"https:\/\/dammkultur.ch\/dk_wp\/wp-content\/uploads\/2025\/05\/NG350_m_Saetank_hinten-1024x768.jpg 1024w, https:\/\/dammkultur.ch\/dk_wp\/wp-content\/uploads\/2025\/05\/NG350_m_Saetank_hinten-300x225.jpg 300w, https:\/\/dammkultur.ch\/dk_wp\/wp-content\/uploads\/2025\/05\/NG350_m_Saetank_hinten-768x576.jpg 768w, https:\/\/dammkultur.ch\/dk_wp\/wp-content\/uploads\/2025\/05\/NG350_m_Saetank_hinten.jpg 1200w\" sizes=\"auto, (max-width: 709px) 85vw, (max-width: 909px) 67vw, (max-width: 1362px) 62vw, 840px\" \/><figcaption class=\"wp-element-caption\">Dammpflug ausger\u00fcstet mit H\u00e4ufelk\u00f6rper<\/figcaption><\/figure>\n\n\n\n<figure class=\"wp-block-image size-large is-resized\"><img loading=\"lazy\" decoding=\"async\" width=\"1024\" height=\"768\" src=\"https:\/\/dammkultur.ch\/dk_wp\/wp-content\/uploads\/2025\/05\/image029-1024x768.jpg\" alt=\"\" class=\"wp-image-1079\" style=\"width:629px\" srcset=\"https:\/\/dammkultur.ch\/dk_wp\/wp-content\/uploads\/2025\/05\/image029-1024x768.jpg 1024w, https:\/\/dammkultur.ch\/dk_wp\/wp-content\/uploads\/2025\/05\/image029-300x225.jpg 300w, https:\/\/dammkultur.ch\/dk_wp\/wp-content\/uploads\/2025\/05\/image029-768x576.jpg 768w, https:\/\/dammkultur.ch\/dk_wp\/wp-content\/uploads\/2025\/05\/image029.jpg 1200w\" sizes=\"auto, (max-width: 709px) 85vw, (max-width: 909px) 67vw, (max-width: 1362px) 62vw, 840px\" \/><figcaption class=\"wp-element-caption\">Dammbreite individuell einstellbar<\/figcaption><\/figure>\n\n\n\n<figure class=\"wp-block-image size-full is-resized\"><img loading=\"lazy\" decoding=\"async\" width=\"871\" height=\"594\" src=\"https:\/\/dammkultur.ch\/dk_wp\/wp-content\/uploads\/2025\/05\/NG350_mit_Hackelement.png\" alt=\"\" class=\"wp-image-1078\" style=\"width:629px\" srcset=\"https:\/\/dammkultur.ch\/dk_wp\/wp-content\/uploads\/2025\/05\/NG350_mit_Hackelement.png 871w, https:\/\/dammkultur.ch\/dk_wp\/wp-content\/uploads\/2025\/05\/NG350_mit_Hackelement-300x205.png 300w, https:\/\/dammkultur.ch\/dk_wp\/wp-content\/uploads\/2025\/05\/NG350_mit_Hackelement-768x524.png 768w\" sizes=\"auto, (max-width: 709px) 85vw, (max-width: 909px) 67vw, (max-width: 1362px) 62vw, 840px\" \/><\/figure>\n","protected":false},"excerpt":{"rendered":"<p>Dammkultur die Zukunftsorientierte (Enkel taugliche) Bodenbearbeitung, ohne Glyphosat und Bildung einer Pflugsohle. Swiss Made zu fairen Preisen. Der Dammpflug NG350 erm\u00f6glicht es auch kleineren ebenso wie grossen Betrieben die Bodenbearbeitung wieder kosteng\u00fcnstig selber zu erledigen, denn mit dieser Maschine k\u00f6nnen sie die Grundbodenbearbeitung, die Saat und auch die Pflege erledigen. &#8222;Smart Farming ohne teure Maschinen, &hellip; <a href=\"https:\/\/dammkultur.ch\/dk_wp\/\" class=\"more-link\"><span class=\"screen-reader-text\">\u201eStartseite\u201c<\/span> weiterlesen<\/a><\/p>\n","protected":false},"author":1,"featured_media":0,"parent":0,"menu_order":1,"comment_status":"closed","ping_status":"closed","template":"","meta":{"footnotes":""},"class_list":["post-1074","page","type-page","status-publish","hentry"],"yoast_head":"<!-- This site is optimized with the Yoast SEO plugin v25.1 - https:\/\/yoast.com\/wordpress\/plugins\/seo\/ -->\n<title>Startseite - Dammkultur<\/title>\n<meta name=\"robots\" content=\"index, follow, max-snippet:-1, max-image-preview:large, max-video-preview:-1\" \/>\n<link rel=\"canonical\" href=\"https:\/\/dammkultur.ch\/dk_wp\/\" \/>\n<meta property=\"og:locale\" content=\"de_DE\" \/>\n<meta property=\"og:type\" content=\"article\" \/>\n<meta property=\"og:title\" content=\"Startseite - Dammkultur\" \/>\n<meta property=\"og:description\" content=\"Dammkultur die Zukunftsorientierte (Enkel taugliche) Bodenbearbeitung, ohne Glyphosat und Bildung einer Pflugsohle. Swiss Made zu fairen Preisen. Der Dammpflug NG350 erm\u00f6glicht es auch kleineren ebenso wie grossen Betrieben die Bodenbearbeitung wieder kosteng\u00fcnstig selber zu erledigen, denn mit dieser Maschine k\u00f6nnen sie die Grundbodenbearbeitung, die Saat und auch die Pflege erledigen. &#8222;Smart Farming ohne teure Maschinen, &hellip; \u201eStartseite\u201c weiterlesen\" \/>\n<meta property=\"og:url\" content=\"https:\/\/dammkultur.ch\/dk_wp\/\" \/>\n<meta property=\"og:site_name\" content=\"Dammkultur\" \/>\n<meta property=\"article:modified_time\" content=\"2025-05-26T16:26:19+00:00\" \/>\n<meta property=\"og:image\" content=\"https:\/\/dammkultur.ch\/dk_wp\/wp-content\/uploads\/2025\/05\/NG350_m_Saetank.jpg\" \/>\n\t<meta property=\"og:image:width\" content=\"1200\" \/>\n\t<meta property=\"og:image:height\" content=\"900\" \/>\n\t<meta property=\"og:image:type\" content=\"image\/jpeg\" \/>\n<meta name=\"twitter:card\" content=\"summary_large_image\" \/>\n<meta name=\"twitter:label1\" content=\"Gesch\u00e4tzte Lesezeit\" \/>\n\t<meta name=\"twitter:data1\" content=\"2\u00a0Minuten\" \/>\n<script type=\"application\/ld+json\" class=\"yoast-schema-graph\">{\"@context\":\"https:\/\/schema.org\",\"@graph\":[{\"@type\":\"WebPage\",\"@id\":\"https:\/\/dammkultur.ch\/dk_wp\/\",\"url\":\"https:\/\/dammkultur.ch\/dk_wp\/\",\"name\":\"Startseite - Dammkultur\",\"isPartOf\":{\"@id\":\"https:\/\/dammkultur.ch\/dk_wp\/#website\"},\"primaryImageOfPage\":{\"@id\":\"https:\/\/dammkultur.ch\/dk_wp\/#primaryimage\"},\"image\":{\"@id\":\"https:\/\/dammkultur.ch\/dk_wp\/#primaryimage\"},\"thumbnailUrl\":\"https:\/\/dammkultur.ch\/dk_wp\/wp-content\/uploads\/2025\/05\/NG350_m_Saetank-1024x768.jpg\",\"datePublished\":\"2025-05-26T16:26:18+00:00\",\"dateModified\":\"2025-05-26T16:26:19+00:00\",\"breadcrumb\":{\"@id\":\"https:\/\/dammkultur.ch\/dk_wp\/#breadcrumb\"},\"inLanguage\":\"de\",\"potentialAction\":[{\"@type\":\"ReadAction\",\"target\":[\"https:\/\/dammkultur.ch\/dk_wp\/\"]}]},{\"@type\":\"ImageObject\",\"inLanguage\":\"de\",\"@id\":\"https:\/\/dammkultur.ch\/dk_wp\/#primaryimage\",\"url\":\"https:\/\/dammkultur.ch\/dk_wp\/wp-content\/uploads\/2025\/05\/NG350_m_Saetank.jpg\",\"contentUrl\":\"https:\/\/dammkultur.ch\/dk_wp\/wp-content\/uploads\/2025\/05\/NG350_m_Saetank.jpg\",\"width\":1200,\"height\":900,\"caption\":\"{\\\"capture_mode\\\":\\\"AutoModule\\\",\\\"faces\\\":[]}\"},{\"@type\":\"BreadcrumbList\",\"@id\":\"https:\/\/dammkultur.ch\/dk_wp\/#breadcrumb\",\"itemListElement\":[{\"@type\":\"ListItem\",\"position\":1,\"name\":\"Home\",\"item\":\"https:\/\/dammkultur.ch\/dk_wp\/\"},{\"@type\":\"ListItem\",\"position\":2,\"name\":\"Startseite\"}]},{\"@type\":\"WebSite\",\"@id\":\"https:\/\/dammkultur.ch\/dk_wp\/#website\",\"url\":\"https:\/\/dammkultur.ch\/dk_wp\/\",\"name\":\"Dammkultur\",\"description\":\"\",\"potentialAction\":[{\"@type\":\"SearchAction\",\"target\":{\"@type\":\"EntryPoint\",\"urlTemplate\":\"https:\/\/dammkultur.ch\/dk_wp\/?s={search_term_string}\"},\"query-input\":{\"@type\":\"PropertyValueSpecification\",\"valueRequired\":true,\"valueName\":\"search_term_string\"}}],\"inLanguage\":\"de\"}]}<\/script>\n<!-- \/ Yoast SEO plugin. -->","yoast_head_json":{"title":"Startseite - Dammkultur","robots":{"index":"index","follow":"follow","max-snippet":"max-snippet:-1","max-image-preview":"max-image-preview:large","max-video-preview":"max-video-preview:-1"},"canonical":"https:\/\/dammkultur.ch\/dk_wp\/","og_locale":"de_DE","og_type":"article","og_title":"Startseite - Dammkultur","og_description":"Dammkultur die Zukunftsorientierte (Enkel taugliche) Bodenbearbeitung, ohne Glyphosat und Bildung einer Pflugsohle. Swiss Made zu fairen Preisen. Der Dammpflug NG350 erm\u00f6glicht es auch kleineren ebenso wie grossen Betrieben die Bodenbearbeitung wieder kosteng\u00fcnstig selber zu erledigen, denn mit dieser Maschine k\u00f6nnen sie die Grundbodenbearbeitung, die Saat und auch die Pflege erledigen. &#8222;Smart Farming ohne teure Maschinen, &hellip; \u201eStartseite\u201c weiterlesen","og_url":"https:\/\/dammkultur.ch\/dk_wp\/","og_site_name":"Dammkultur","article_modified_time":"2025-05-26T16:26:19+00:00","og_image":[{"width":1200,"height":900,"url":"https:\/\/dammkultur.ch\/dk_wp\/wp-content\/uploads\/2025\/05\/NG350_m_Saetank.jpg","type":"image\/jpeg"}],"twitter_card":"summary_large_image","twitter_misc":{"Gesch\u00e4tzte Lesezeit":"2\u00a0Minuten"},"schema":{"@context":"https:\/\/schema.org","@graph":[{"@type":"WebPage","@id":"https:\/\/dammkultur.ch\/dk_wp\/","url":"https:\/\/dammkultur.ch\/dk_wp\/","name":"Startseite - Dammkultur","isPartOf":{"@id":"https:\/\/dammkultur.ch\/dk_wp\/#website"},"primaryImageOfPage":{"@id":"https:\/\/dammkultur.ch\/dk_wp\/#primaryimage"},"image":{"@id":"https:\/\/dammkultur.ch\/dk_wp\/#primaryimage"},"thumbnailUrl":"https:\/\/dammkultur.ch\/dk_wp\/wp-content\/uploads\/2025\/05\/NG350_m_Saetank-1024x768.jpg","datePublished":"2025-05-26T16:26:18+00:00","dateModified":"2025-05-26T16:26:19+00:00","breadcrumb":{"@id":"https:\/\/dammkultur.ch\/dk_wp\/#breadcrumb"},"inLanguage":"de","potentialAction":[{"@type":"ReadAction","target":["https:\/\/dammkultur.ch\/dk_wp\/"]}]},{"@type":"ImageObject","inLanguage":"de","@id":"https:\/\/dammkultur.ch\/dk_wp\/#primaryimage","url":"https:\/\/dammkultur.ch\/dk_wp\/wp-content\/uploads\/2025\/05\/NG350_m_Saetank.jpg","contentUrl":"https:\/\/dammkultur.ch\/dk_wp\/wp-content\/uploads\/2025\/05\/NG350_m_Saetank.jpg","width":1200,"height":900,"caption":"{\"capture_mode\":\"AutoModule\",\"faces\":[]}"},{"@type":"BreadcrumbList","@id":"https:\/\/dammkultur.ch\/dk_wp\/#breadcrumb","itemListElement":[{"@type":"ListItem","position":1,"name":"Home","item":"https:\/\/dammkultur.ch\/dk_wp\/"},{"@type":"ListItem","position":2,"name":"Startseite"}]},{"@type":"WebSite","@id":"https:\/\/dammkultur.ch\/dk_wp\/#website","url":"https:\/\/dammkultur.ch\/dk_wp\/","name":"Dammkultur","description":"","potentialAction":[{"@type":"SearchAction","target":{"@type":"EntryPoint","urlTemplate":"https:\/\/dammkultur.ch\/dk_wp\/?s={search_term_string}"},"query-input":{"@type":"PropertyValueSpecification","valueRequired":true,"valueName":"search_term_string"}}],"inLanguage":"de"}]}},"jetpack_sharing_enabled":true,"_links":{"self":[{"href":"https:\/\/dammkultur.ch\/dk_wp\/index.php?rest_route=\/wp\/v2\/pages\/1074","targetHints":{"allow":["GET"]}}],"collection":[{"href":"https:\/\/dammkultur.ch\/dk_wp\/index.php?rest_route=\/wp\/v2\/pages"}],"about":[{"href":"https:\/\/dammkultur.ch\/dk_wp\/index.php?rest_route=\/wp\/v2\/types\/page"}],"author":[{"embeddable":true,"href":"https:\/\/dammkultur.ch\/dk_wp\/index.php?rest_route=\/wp\/v2\/users\/1"}],"replies":[{"embeddable":true,"href":"https:\/\/dammkultur.ch\/dk_wp\/index.php?rest_route=%2Fwp%2Fv2%2Fcomments&post=1074"}],"version-history":[{"count":2,"href":"https:\/\/dammkultur.ch\/dk_wp\/index.php?rest_route=\/wp\/v2\/pages\/1074\/revisions"}],"predecessor-version":[{"id":1080,"href":"https:\/\/dammkultur.ch\/dk_wp\/index.php?rest_route=\/wp\/v2\/pages\/1074\/revisions\/1080"}],"wp:attachment":[{"href":"https:\/\/dammkultur.ch\/dk_wp\/index.php?rest_route=%2Fwp%2Fv2%2Fmedia&parent=1074"}],"curies":[{"name":"wp","href":"https:\/\/api.w.org\/{rel}","templated":true}]}}