{"id":100,"date":"2019-10-03T10:25:35","date_gmt":"2019-10-03T10:25:35","guid":{"rendered":"https:\/\/dammkultur.ch\/dk_wp\/?page_id=100"},"modified":"2022-10-03T10:23:45","modified_gmt":"2022-10-03T10:23:45","slug":"daemme-ziehen","status":"publish","type":"page","link":"https:\/\/dammkultur.ch\/dk_wp\/?page_id=100","title":{"rendered":"D\u00e4mme ziehen"},"content":{"rendered":"\n<p>In diesen Videos zeigen wir ihnen, wie sie mit unserem Dammpflug D\u00e4mme ziehen k\u00f6nnen.<\/p>\n\n\n\n<p> Der Dammpflug wurde mit den H\u00e4ufelk\u00f6rpern ausger\u00fcstet, jeder zweite Schar ist nach hinten versetzt und beugt somit einem Verstopfen vor. <\/p>\n\n\n\n<p><\/p>\n\n\n\n<p><\/p>\n\n\n\n<figure class=\"wp-block-image size-large\"><img loading=\"lazy\" decoding=\"async\" width=\"600\" height=\"800\" src=\"https:\/\/dammkultur.ch\/dk_wp\/wp-content\/uploads\/2021\/02\/20210205_141426.jpg\" alt=\"\" class=\"wp-image-447\" srcset=\"https:\/\/dammkultur.ch\/dk_wp\/wp-content\/uploads\/2021\/02\/20210205_141426.jpg 600w, https:\/\/dammkultur.ch\/dk_wp\/wp-content\/uploads\/2021\/02\/20210205_141426-225x300.jpg 225w\" sizes=\"auto, (max-width: 600px) 85vw, 600px\" \/><\/figure>\n\n\n\n<figure class=\"wp-block-embed is-type-video is-provider-youtube wp-block-embed-youtube wp-embed-aspect-16-9 wp-has-aspect-ratio\"><div class=\"wp-block-embed__wrapper\">\n<iframe loading=\"lazy\" title=\"Dammpflug NG350 beim D\u00e4mme ziehen www.dammkultur.ch\" width=\"840\" height=\"473\" src=\"https:\/\/www.youtube.com\/embed\/LLuL3fecusU?start=9&#038;feature=oembed\" frameborder=\"0\" allow=\"accelerometer; autoplay; clipboard-write; encrypted-media; gyroscope; picture-in-picture\" allowfullscreen><\/iframe>\n<\/div><\/figure>\n\n\n\n<figure class=\"wp-block-embed is-type-video is-provider-youtube wp-block-embed-youtube wp-embed-aspect-16-9 wp-has-aspect-ratio\"><div class=\"wp-block-embed__wrapper\">\n<iframe loading=\"lazy\" title=\"Bodenbearbeitung, Dammkultur mit Nonstop Steinsicherung, D\u00e4mme Ziehen, Hakenpflug\" width=\"840\" height=\"473\" src=\"https:\/\/www.youtube.com\/embed\/Ui-HT1NiM00?feature=oembed\" frameborder=\"0\" allow=\"accelerometer; autoplay; clipboard-write; encrypted-media; gyroscope; picture-in-picture\" allowfullscreen><\/iframe>\n<\/div><figcaption> Auf dem Feld stand vorher eine Gr\u00fcnd\u00fcngung, die ca. 0.5m hoch war, deshalb mussten wir sie vorher mulchen. Der Reihenabstand betr\u00e4gt 62cm.<\/figcaption><\/figure>\n\n\n\n<figure class=\"wp-block-embed is-type-video is-provider-youtube wp-block-embed-youtube wp-embed-aspect-16-9 wp-has-aspect-ratio\"><div class=\"wp-block-embed__wrapper\">\n<iframe loading=\"lazy\" title=\"Dammpflug NG350 beim D\u00e4mme ziehen\" width=\"840\" height=\"473\" src=\"https:\/\/www.youtube.com\/embed\/D1Q5vFQwAA0?feature=oembed\" frameborder=\"0\" allow=\"accelerometer; autoplay; clipboard-write; encrypted-media; gyroscope; picture-in-picture\" allowfullscreen><\/iframe>\n<\/div><\/figure>\n\n\n\n<figure class=\"wp-block-embed is-type-video is-provider-youtube wp-block-embed-youtube wp-embed-aspect-16-9 wp-has-aspect-ratio\"><div class=\"wp-block-embed__wrapper\">\n<iframe loading=\"lazy\" title=\"Dammpflug NG350 beim 45er D\u00e4mme ziehen\" width=\"840\" height=\"473\" src=\"https:\/\/www.youtube.com\/embed\/Gg3hEmSyB5A?feature=oembed\" frameborder=\"0\" allow=\"accelerometer; autoplay; clipboard-write; encrypted-media; gyroscope; picture-in-picture\" allowfullscreen><\/iframe>\n<\/div><\/figure>\n","protected":false},"excerpt":{"rendered":"<p>In diesen Videos zeigen wir ihnen, wie sie mit unserem Dammpflug D\u00e4mme ziehen k\u00f6nnen. Der Dammpflug wurde mit den H\u00e4ufelk\u00f6rpern ausger\u00fcstet, jeder zweite Schar ist nach hinten versetzt und beugt somit einem Verstopfen vor.<\/p>\n","protected":false},"author":1,"featured_media":0,"parent":0,"menu_order":0,"comment_status":"closed","ping_status":"closed","template":"","meta":{"footnotes":""},"class_list":["post-100","page","type-page","status-publish","hentry"],"yoast_head":"<!-- This site is optimized with the Yoast SEO plugin v25.1 - https:\/\/yoast.com\/wordpress\/plugins\/seo\/ -->\n<title>D\u00e4mme ziehen - Dammkultur<\/title>\n<meta name=\"robots\" content=\"index, follow, max-snippet:-1, max-image-preview:large, max-video-preview:-1\" \/>\n<link rel=\"canonical\" href=\"https:\/\/dammkultur.ch\/dk_wp\/?page_id=100\" \/>\n<meta property=\"og:locale\" content=\"de_DE\" \/>\n<meta property=\"og:type\" content=\"article\" \/>\n<meta property=\"og:title\" content=\"D\u00e4mme ziehen - Dammkultur\" \/>\n<meta property=\"og:description\" content=\"In diesen Videos zeigen wir ihnen, wie sie mit unserem Dammpflug D\u00e4mme ziehen k\u00f6nnen. Der Dammpflug wurde mit den H\u00e4ufelk\u00f6rpern ausger\u00fcstet, jeder zweite Schar ist nach hinten versetzt und beugt somit einem Verstopfen vor.\" \/>\n<meta property=\"og:url\" content=\"https:\/\/dammkultur.ch\/dk_wp\/?page_id=100\" \/>\n<meta property=\"og:site_name\" content=\"Dammkultur\" \/>\n<meta property=\"article:modified_time\" content=\"2022-10-03T10:23:45+00:00\" \/>\n<meta property=\"og:image\" content=\"https:\/\/dammkultur.ch\/dk_wp\/wp-content\/uploads\/2021\/02\/20210205_141426.jpg\" \/>\n<meta name=\"twitter:card\" content=\"summary_large_image\" \/>\n<meta name=\"twitter:label1\" content=\"Gesch\u00e4tzte Lesezeit\" \/>\n\t<meta name=\"twitter:data1\" content=\"1\u00a0Minute\" \/>\n<script type=\"application\/ld+json\" class=\"yoast-schema-graph\">{\"@context\":\"https:\/\/schema.org\",\"@graph\":[{\"@type\":\"WebPage\",\"@id\":\"https:\/\/dammkultur.ch\/dk_wp\/?page_id=100\",\"url\":\"https:\/\/dammkultur.ch\/dk_wp\/?page_id=100\",\"name\":\"D\u00e4mme ziehen - Dammkultur\",\"isPartOf\":{\"@id\":\"https:\/\/dammkultur.ch\/dk_wp\/#website\"},\"primaryImageOfPage\":{\"@id\":\"https:\/\/dammkultur.ch\/dk_wp\/?page_id=100#primaryimage\"},\"image\":{\"@id\":\"https:\/\/dammkultur.ch\/dk_wp\/?page_id=100#primaryimage\"},\"thumbnailUrl\":\"https:\/\/dammkultur.ch\/dk_wp\/wp-content\/uploads\/2021\/02\/20210205_141426.jpg\",\"datePublished\":\"2019-10-03T10:25:35+00:00\",\"dateModified\":\"2022-10-03T10:23:45+00:00\",\"breadcrumb\":{\"@id\":\"https:\/\/dammkultur.ch\/dk_wp\/?page_id=100#breadcrumb\"},\"inLanguage\":\"de\",\"potentialAction\":[{\"@type\":\"ReadAction\",\"target\":[\"https:\/\/dammkultur.ch\/dk_wp\/?page_id=100\"]}]},{\"@type\":\"ImageObject\",\"inLanguage\":\"de\",\"@id\":\"https:\/\/dammkultur.ch\/dk_wp\/?page_id=100#primaryimage\",\"url\":\"https:\/\/dammkultur.ch\/dk_wp\/wp-content\/uploads\/2021\/02\/20210205_141426.jpg\",\"contentUrl\":\"https:\/\/dammkultur.ch\/dk_wp\/wp-content\/uploads\/2021\/02\/20210205_141426.jpg\",\"width\":600,\"height\":800},{\"@type\":\"BreadcrumbList\",\"@id\":\"https:\/\/dammkultur.ch\/dk_wp\/?page_id=100#breadcrumb\",\"itemListElement\":[{\"@type\":\"ListItem\",\"position\":1,\"name\":\"Home\",\"item\":\"https:\/\/dammkultur.ch\/dk_wp\/\"},{\"@type\":\"ListItem\",\"position\":2,\"name\":\"D\u00e4mme ziehen\"}]},{\"@type\":\"WebSite\",\"@id\":\"https:\/\/dammkultur.ch\/dk_wp\/#website\",\"url\":\"https:\/\/dammkultur.ch\/dk_wp\/\",\"name\":\"Dammkultur\",\"description\":\"\",\"potentialAction\":[{\"@type\":\"SearchAction\",\"target\":{\"@type\":\"EntryPoint\",\"urlTemplate\":\"https:\/\/dammkultur.ch\/dk_wp\/?s={search_term_string}\"},\"query-input\":{\"@type\":\"PropertyValueSpecification\",\"valueRequired\":true,\"valueName\":\"search_term_string\"}}],\"inLanguage\":\"de\"}]}<\/script>\n<!-- \/ Yoast SEO plugin. -->","yoast_head_json":{"title":"D\u00e4mme ziehen - Dammkultur","robots":{"index":"index","follow":"follow","max-snippet":"max-snippet:-1","max-image-preview":"max-image-preview:large","max-video-preview":"max-video-preview:-1"},"canonical":"https:\/\/dammkultur.ch\/dk_wp\/?page_id=100","og_locale":"de_DE","og_type":"article","og_title":"D\u00e4mme ziehen - Dammkultur","og_description":"In diesen Videos zeigen wir ihnen, wie sie mit unserem Dammpflug D\u00e4mme ziehen k\u00f6nnen. Der Dammpflug wurde mit den H\u00e4ufelk\u00f6rpern ausger\u00fcstet, jeder zweite Schar ist nach hinten versetzt und beugt somit einem Verstopfen vor.","og_url":"https:\/\/dammkultur.ch\/dk_wp\/?page_id=100","og_site_name":"Dammkultur","article_modified_time":"2022-10-03T10:23:45+00:00","og_image":[{"url":"https:\/\/dammkultur.ch\/dk_wp\/wp-content\/uploads\/2021\/02\/20210205_141426.jpg","type":"","width":"","height":""}],"twitter_card":"summary_large_image","twitter_misc":{"Gesch\u00e4tzte Lesezeit":"1\u00a0Minute"},"schema":{"@context":"https:\/\/schema.org","@graph":[{"@type":"WebPage","@id":"https:\/\/dammkultur.ch\/dk_wp\/?page_id=100","url":"https:\/\/dammkultur.ch\/dk_wp\/?page_id=100","name":"D\u00e4mme ziehen - Dammkultur","isPartOf":{"@id":"https:\/\/dammkultur.ch\/dk_wp\/#website"},"primaryImageOfPage":{"@id":"https:\/\/dammkultur.ch\/dk_wp\/?page_id=100#primaryimage"},"image":{"@id":"https:\/\/dammkultur.ch\/dk_wp\/?page_id=100#primaryimage"},"thumbnailUrl":"https:\/\/dammkultur.ch\/dk_wp\/wp-content\/uploads\/2021\/02\/20210205_141426.jpg","datePublished":"2019-10-03T10:25:35+00:00","dateModified":"2022-10-03T10:23:45+00:00","breadcrumb":{"@id":"https:\/\/dammkultur.ch\/dk_wp\/?page_id=100#breadcrumb"},"inLanguage":"de","potentialAction":[{"@type":"ReadAction","target":["https:\/\/dammkultur.ch\/dk_wp\/?page_id=100"]}]},{"@type":"ImageObject","inLanguage":"de","@id":"https:\/\/dammkultur.ch\/dk_wp\/?page_id=100#primaryimage","url":"https:\/\/dammkultur.ch\/dk_wp\/wp-content\/uploads\/2021\/02\/20210205_141426.jpg","contentUrl":"https:\/\/dammkultur.ch\/dk_wp\/wp-content\/uploads\/2021\/02\/20210205_141426.jpg","width":600,"height":800},{"@type":"BreadcrumbList","@id":"https:\/\/dammkultur.ch\/dk_wp\/?page_id=100#breadcrumb","itemListElement":[{"@type":"ListItem","position":1,"name":"Home","item":"https:\/\/dammkultur.ch\/dk_wp\/"},{"@type":"ListItem","position":2,"name":"D\u00e4mme ziehen"}]},{"@type":"WebSite","@id":"https:\/\/dammkultur.ch\/dk_wp\/#website","url":"https:\/\/dammkultur.ch\/dk_wp\/","name":"Dammkultur","description":"","potentialAction":[{"@type":"SearchAction","target":{"@type":"EntryPoint","urlTemplate":"https:\/\/dammkultur.ch\/dk_wp\/?s={search_term_string}"},"query-input":{"@type":"PropertyValueSpecification","valueRequired":true,"valueName":"search_term_string"}}],"inLanguage":"de"}]}},"jetpack_sharing_enabled":true,"_links":{"self":[{"href":"https:\/\/dammkultur.ch\/dk_wp\/index.php?rest_route=\/wp\/v2\/pages\/100","targetHints":{"allow":["GET"]}}],"collection":[{"href":"https:\/\/dammkultur.ch\/dk_wp\/index.php?rest_route=\/wp\/v2\/pages"}],"about":[{"href":"https:\/\/dammkultur.ch\/dk_wp\/index.php?rest_route=\/wp\/v2\/types\/page"}],"author":[{"embeddable":true,"href":"https:\/\/dammkultur.ch\/dk_wp\/index.php?rest_route=\/wp\/v2\/users\/1"}],"replies":[{"embeddable":true,"href":"https:\/\/dammkultur.ch\/dk_wp\/index.php?rest_route=%2Fwp%2Fv2%2Fcomments&post=100"}],"version-history":[{"count":6,"href":"https:\/\/dammkultur.ch\/dk_wp\/index.php?rest_route=\/wp\/v2\/pages\/100\/revisions"}],"predecessor-version":[{"id":935,"href":"https:\/\/dammkultur.ch\/dk_wp\/index.php?rest_route=\/wp\/v2\/pages\/100\/revisions\/935"}],"wp:attachment":[{"href":"https:\/\/dammkultur.ch\/dk_wp\/index.php?rest_route=%2Fwp%2Fv2%2Fmedia&parent=100"}],"curies":[{"name":"wp","href":"https:\/\/api.w.org\/{rel}","templated":true}]}}